{"id":18,"date":"2019-02-04T13:36:13","date_gmt":"2019-02-04T12:36:13","guid":{"rendered":"http:\/\/yggdrasil-cac.org\/?page_id=18"},"modified":"2023-05-16T07:15:20","modified_gmt":"2023-05-16T05:15:20","slug":"presentation","status":"publish","type":"page","link":"https:\/\/ancien.foretdeluhan.be\/index.php\/presentation\/","title":{"rendered":"Pr\u00e9sentation"},"content":{"rendered":"\r\n<p align=\"justify\">La For\u00eat de Luhan est un tiers-lieu collectif exp\u00e9rimental o\u00f9 se cultivent la terre et les liens.<\/p>\r\n<p align=\"justify\">Face au diagnostic connu du d\u00e9sastre climatique, de l\u2019atomisation des soci\u00e9t\u00e9s, de la concentration effr\u00e9n\u00e9e des richesses et des pouvoirs, la For\u00eat de Luhan est une tentative concr\u00e8te, une utopie r\u00e9aliste, visant \u00e0 proposer une voie alternative. A partir du faire ensemble, nous voulons d\u00e9montrer notre capacit\u00e9 collective \u00e0 l\u2019autonomie, \u00e0 la r\u00e9silience et, par l\u00e0, \u00e0 une vie plus ancr\u00e9e, partie prenante de son environnement, porteuse de sens.<\/p>\r\n<p align=\"justify\">Notre Ecolieu accueille diverses activit\u00e9s, telles que la cr\u00e9ation collective et participative d&rsquo;un jardin-for\u00eat nourricier avec r\u00e9colte en auto-cueillette, une petite \u00e9picerie collaborative de vrac et de frais, tables d\u2019h\u00f4tes avec produits du jardin, chantiers d\u2019auto-\u00e9co-construction, ateliers d&rsquo;autonomie, partage de savoirs et de savoirs faire, formations, des projets de sensibilisation \/ r\u00e9flexion avec diff\u00e9rents groupes, \u00e9v\u00e9nements culturels, organisation de d\u00e9bats, \u2026<\/p>\r\n<p align=\"justify\">Le proje se d\u00e9finit comme un tiers-lieu et vise, au travers de ses activit\u00e9s, \u00e0 consolider une communaut\u00e9 villageoise solidaire, r\u00e9siliente, capable et responsable.<\/p>\r\n<h1 class=\"wp-block-heading\">Le projet<\/h1>\r\n<p>Apr\u00e8s plusieurs ann\u00e9es de recherche, notre projet s&rsquo;est installal\u00e9 dans un coin de nature qui nous a conquis, sur la commune d\u2019Aywaille: la For\u00eat de Luhan.<\/p>\r\n<p align=\"justify\">La For\u00eat de Luhan est un projet collectif auto-g\u00e9r\u00e9 qui vise la cr\u00e9ation d&rsquo;alternatives au capitalisme de march\u00e9 et \u00e0 l&rsquo;individualisme, en encourageant des dynamiques d&rsquo;\u00e9changes et de solidarit\u00e9s autour de projets collectifs.<\/p>\r\n<p align=\"justify\">Bient\u00f4t, de nouvelles infrastructures permettront de renforcer ces dimensions d\u2019accueil et de regrouper des outils mutualis\u00e9s favorables \u00e0 nos autonomies (cuisine, salles polyvalente, h\u00e9bergement, accueil de migrants, lieu de vie pour personne moins autonome, &#8230;)<\/p>\r\n<p align=\"justify\">La For\u00eat de Luhan est une alternative de par:<\/p>\r\n<ul>\r\n<li style=\"list-style-type: none;\">\r\n<ul>\r\n<li><b>sa dimension collective : <\/b>un projet port\u00e9 par une vingtaine de b\u00e9n\u00e9voles r\u00e9guliers. Une compl\u00e9mentarit\u00e9 de regards, d&rsquo;approches, de comp\u00e9tences, de disciplines.<\/li>\r\n<\/ul>\r\n<\/li>\r\n<\/ul>\r\n<ul>\r\n<li style=\"list-style-type: none;\">\r\n<ul>\r\n<li><b>son projet agro-\u00e9cologique : <\/b>la cr\u00e9ation d&rsquo;un jardin-for\u00eat nourricier d\u2019approche permacole qui voit pousser tout au long de l\u2019ann\u00e9e des fruits et l\u00e9gumes diversifi\u00e9s cultiv\u00e9s avec amour, sur sol vivant, sans intrants chimiques, dans l\u2019observation et l\u2019exp\u00e9rimentation. Un circuit court entre producteurs et mangeurs &#8211; qui sont aussi aidants &#8211; encourageant la solidarit\u00e9, le prix juste, le respect du vivant, l&rsquo;autonomie des citoyens.<\/li>\r\n<\/ul>\r\n<\/li>\r\n<\/ul>\r\n<ul>\r\n<li style=\"list-style-type: none;\">\r\n<ul>\r\n<li><b>sa structure juridique :<\/b> une fondation et une aisbl, garante de la p\u00e9rennit\u00e9 du projet agro-\u00e9cologique ind\u00e9pendamment des b\u00e9n\u00e9voles actuels. Une propri\u00e9t\u00e9 collective, dans l\u2019esprit des biens communs, garantissant que la terre reste disponible \u00e0 ceux qui en prennent soin.<\/li>\r\n<\/ul>\r\n<\/li>\r\n<\/ul>\r\n<ul>\r\n<li style=\"list-style-type: none;\">\r\n<ul>\r\n<li><b>son approche transversale : <\/b>des allers-retours permanents entre pens\u00e9e et action. Une circularit\u00e9 au service de l\u2019exp\u00e9rimentation collective. Poser des actes coh\u00e9rents avec nos valeurs.<\/li>\r\n<\/ul>\r\n<\/li>\r\n<\/ul>\r\n<ul>\r\n<li style=\"list-style-type: none;\">\r\n<ul>\r\n<li><b>son ouverture : <\/b>Une posture d&rsquo;accueil et d&rsquo;ouverture. Une envie de rencontres et d&rsquo;\u00e9changes, une curiosit\u00e9 face \u00e0 la diversit\u00e9.<\/li>\r\n<\/ul>\r\n<\/li>\r\n<\/ul>\r\n\r\n\r\n\r\n<p><img loading=\"lazy\" decoding=\"async\" class=\"alignnone wp-image-1345 size-full\" src=\"http:\/\/ancien.foretdeluhan.be\/wp-content\/uploads\/2020\/10\/Screenshot-from-2020-10-18-16-16-27.png\" alt=\"\" width=\"1174\" height=\"481\" srcset=\"https:\/\/ancien.foretdeluhan.be\/wp-content\/uploads\/2020\/10\/Screenshot-from-2020-10-18-16-16-27.png 1174w, https:\/\/ancien.foretdeluhan.be\/wp-content\/uploads\/2020\/10\/Screenshot-from-2020-10-18-16-16-27-300x123.png 300w, https:\/\/ancien.foretdeluhan.be\/wp-content\/uploads\/2020\/10\/Screenshot-from-2020-10-18-16-16-27-1024x420.png 1024w, https:\/\/ancien.foretdeluhan.be\/wp-content\/uploads\/2020\/10\/Screenshot-from-2020-10-18-16-16-27-768x315.png 768w\" sizes=\"auto, (max-width: 1174px) 100vw, 1174px\" \/><\/p>\r\n<p><\/p>\r\n<div id=\"ConnectiveDocSignExtentionInstalled\" data-extension-version=\"1.0.4\">\u00a0<\/div>","protected":false},"excerpt":{"rendered":"<p>La For\u00eat de Luhan est un tiers-lieu collectif exp\u00e9rimental o\u00f9 se cultivent la terre et les liens. Face au diagnostic connu du d\u00e9sastre climatique, de l\u2019atomisation des soci\u00e9t\u00e9s, de la concentration effr\u00e9n\u00e9e des richesses et des pouvoirs, la For\u00eat de &hellip; <a href=\"https:\/\/ancien.foretdeluhan.be\/index.php\/presentation\/\">Continuer la lecture <span class=\"meta-nav\">&rarr;<\/span><\/a><\/p>\n","protected":false},"author":1,"featured_media":2020,"parent":0,"menu_order":0,"comment_status":"closed","ping_status":"closed","template":"onecolumn-page.php","meta":{"footnotes":""},"class_list":["post-18","page","type-page","status-publish","has-post-thumbnail","hentry"],"jetpack_sharing_enabled":true,"jetpack_shortlink":"https:\/\/wp.me\/PgzmLv-i","post_mailing_queue_ids":[],"_links":{"self":[{"href":"https:\/\/ancien.foretdeluhan.be\/index.php\/wp-json\/wp\/v2\/pages\/18","targetHints":{"allow":["GET"]}}],"collection":[{"href":"https:\/\/ancien.foretdeluhan.be\/index.php\/wp-json\/wp\/v2\/pages"}],"about":[{"href":"https:\/\/ancien.foretdeluhan.be\/index.php\/wp-json\/wp\/v2\/types\/page"}],"author":[{"embeddable":true,"href":"https:\/\/ancien.foretdeluhan.be\/index.php\/wp-json\/wp\/v2\/users\/1"}],"replies":[{"embeddable":true,"href":"https:\/\/ancien.foretdeluhan.be\/index.php\/wp-json\/wp\/v2\/comments?post=18"}],"version-history":[{"count":49,"href":"https:\/\/ancien.foretdeluhan.be\/index.php\/wp-json\/wp\/v2\/pages\/18\/revisions"}],"predecessor-version":[{"id":3308,"href":"https:\/\/ancien.foretdeluhan.be\/index.php\/wp-json\/wp\/v2\/pages\/18\/revisions\/3308"}],"wp:featuredmedia":[{"embeddable":true,"href":"https:\/\/ancien.foretdeluhan.be\/index.php\/wp-json\/wp\/v2\/media\/2020"}],"wp:attachment":[{"href":"https:\/\/ancien.foretdeluhan.be\/index.php\/wp-json\/wp\/v2\/media?parent=18"}],"curies":[{"name":"wp","href":"https:\/\/api.w.org\/{rel}","templated":true}]}}