{"id":2085,"date":"2021-05-05T22:18:09","date_gmt":"2021-05-05T20:18:09","guid":{"rendered":"http:\/\/ancien.foretdeluhan.be\/?page_id=2085"},"modified":"2023-05-16T07:15:20","modified_gmt":"2023-05-16T05:15:20","slug":"les-projets","status":"publish","type":"page","link":"https:\/\/ancien.foretdeluhan.be\/index.php\/presentation\/les-projets\/","title":{"rendered":"Mara\u00eechage"},"content":{"rendered":"<p style=\"font-weight: 400;\">Le mara\u00eechage \u00e0 Luhan subsiste gr\u00e2ce \u00e0 un syst\u00e8me de CSA (Communaut\u00e9 en soutien \u00e0 l\u2019agriculture). Ce syst\u00e8me repose sur un principe tout simple\u00a0:<\/p>\n<p style=\"font-weight: 400;\">\u00ab\u00a0Construire des partenariats e\u0301troits, solides et mutuellement be\u0301ne\u0301fiques entre des consommateurs et des producteurs. Dans ce mode\u0300le, responsabilite\u0301s, risques et be\u0301ne\u0301fices sont partage\u0301s. (\u2026)<\/p>\n<p style=\"font-weight: 400;\">Les consommateurs (membres du CSA) fournissent un soutien qui de\u0301passe l\u2019e\u0301change standard \u00ab argent contre marchandises \u00bb. Cet engagement peut prendre plusieurs formes : souscrire a\u0300 un abonnement annuel, investir financie\u0300rement dans le projet, partager les cou\u0302ts de production ou en- core donner un coup de pouce lors de travaux agricoles.<\/p>\n<p style=\"font-weight: 400;\">L\u2019abonnement annuel pre\u0301paye\u0301 en de\u0301but de saison marque un soutien fort des mangeurs au produc- teur, ce qui se transforme ensuite en relation de re\u0301ciprocite\u0301 : Le producteur rec\u0327oit alors une re\u0301mune\u0301- ration plus stable et e\u0301tablit en me\u0302me temps un lien plus fort avec sa communaute\u0301. Les consomma- teurs, quant a\u0300 eux, tirent profit d\u2019une alimentation de premie\u0300re frai\u0302cheur, locale et savoureuse.\u00a0\u00bb (Vade mecum de l\u2019agriculture soutenue par la communaut\u00e9,\u00a0<em>Quand mangeurs et agriculteurs s\u2019unissent pour soutenir un autre mod\u00e8le d\u2019agriculture et augmenter leur r\u00e9silience<\/em>. Ceinture alimentaire li\u00e9geoise, 2021)<\/p>\n<p style=\"font-weight: 400;\"><strong>Concr\u00e8tement, \u00e0 la For\u00eat de Luhan,<\/strong><\/p>\n<p style=\"font-weight: 400;\">60 mangers se sont abonn\u00e9s aux paniers compos\u00e9s tous les mardis et mercredis entre la mi-mars et la mi-d\u00e9cembre.<\/p>\n<p style=\"font-weight: 400;\"><strong>Qu\u2019y a-t-il avec l\u2019abonnement\u00a0?<\/strong><\/p>\n<ul style=\"font-weight: 400;\">\n<li>La garantie de recevoir minimum 5 l\u00e9gumes (portion pr\u00e9vue pour une personne) durant les basses saisons ou en cas de difficult\u00e9s particuli\u00e8res au jardin mais de b\u00e9n\u00e9ficier des r\u00e9coltes abondantes de juin \u00e0 septembre.<\/li>\n<li>des moments de convivialit\u00e9 au jardin afin de se rencontrer, voir l\u2019\u00e9volution des cultures et profiter d\u2019une bonne auberge espagnole.<\/li>\n<li>Un groupe FB par lequel nous partageons nos recettes et instantan\u00e9s de vie au jardin.<\/li>\n<li>Un groupe SPG (d\u00e9fini ci-dessous) en alternative au label bio et pour une plus grande responsabilit\u00e9 collective envers la terre que nous cultivons et les l\u00e9gumes que nous consommons.<\/li>\n<li>M\u00eame s\u2019ils ne sont pas encore organis\u00e9s, il y aura aussi des ateliers de transformation culinaires pendant la saison.<\/li>\n<\/ul>\n<p style=\"font-weight: 400;\"><strong>Combien co\u00fbte l\u2019abonnement\u00a0?<\/strong><\/p>\n<p style=\"font-weight: 400;\">499\u20acttc pour les 40 semaines \u00e0 payer en une, deux ou trois tranches.<\/p>\n<p style=\"font-weight: 400;\"><strong>Comment retirer son panier\u00a0?<\/strong><\/p>\n<p style=\"font-weight: 400;\">Il existe 2 mani\u00e8res de recueillir votre paniers d\u00e9pendantes de votre lieu de vie.<\/p>\n<ol style=\"font-weight: 400;\">\n<li>Vous habitez Aywaille\u00a0: Il vous suffit alors de venir le mercredi \u00e0 partir de 14h r\u00e9cup\u00e9rer votre panier \u00e0 l\u2019\u00e9picerie. Mettre une petite croix sur le tableau des retrait et passer me dire bonjour au jardin si vous en avez le temps.<\/li>\n<li>Vous habitez \u00e0 Li\u00e8ge\u00a0: Il existe 3 groupes d\u2019une quinzaine de personnes qui s\u2019organisent pour venir chercher les paniers sur le champs (par abonnement, cela vous engage \u00e0 venir 2 fois par an chercher les paniers pour l\u2019ensemble du groupe).<\/li>\n<\/ol>\n<p style=\"font-weight: 400;\"><strong>Reste-t-il des places\u00a0?<\/strong><\/p>\n<p style=\"font-weight: 400;\">Notre but \u00e9tant de favoriser l\u2019ancrage sur le territoire d\u2019Aywaille, nous continuerons d\u2019agrandir au fil des saisons, les abonnements sur Aywaille. Contactez Laurent (0497\/42.46.13 \u2013\u00a0<a href=\"mailto:Laurent@foretdeluhan.be\">Laurent@foretdeluhan.be<\/a>)<\/p>\n<p style=\"font-weight: 400;\">Les groupes li\u00e9geois quant \u00e0 eux, peuvent encore accueillir quelques membres\u00a0:<\/p>\n<ul style=\"font-weight: 400;\">\n<li>Cointe\u00a0 (Point relais chez Georgette)\u00a0: 6 abonnements disponibles le mardi<\/li>\n<li>Laveu\u00a0: 6 abonnements disponibles\u00a0: le mardi<\/li>\n<li>Entre cointe et le laveu au Centre Andr\u00e9 Baillon (1 abonnement disponible 1 mercredi sur deux)<\/li>\n<\/ul>\n<p style=\"font-weight: 400;\">Pour rejoindre un groupe, n\u2019h\u00e9sitez pas \u00e0 contacter Laurent (0497\/42.46.13 \u2013\u00a0<a href=\"mailto:Laurent@foretdeluhan.be\">Laurent@foretdeluhan.be<\/a>)<\/p>\n<p style=\"font-weight: 400;\">\n","protected":false},"excerpt":{"rendered":"<p>Le mara\u00eechage \u00e0 Luhan subsiste gr\u00e2ce \u00e0 un syst\u00e8me de CSA (Communaut\u00e9 en soutien \u00e0 l\u2019agriculture). Ce syst\u00e8me repose sur un principe tout simple\u00a0: \u00ab\u00a0Construire des partenariats e\u0301troits, solides et mutuellement be\u0301ne\u0301fiques entre des consommateurs et des producteurs. Dans ce &hellip; <a href=\"https:\/\/ancien.foretdeluhan.be\/index.php\/presentation\/les-projets\/\">Continuer la lecture <span class=\"meta-nav\">&rarr;<\/span><\/a><\/p>\n","protected":false},"author":1,"featured_media":0,"parent":18,"menu_order":0,"comment_status":"closed","ping_status":"closed","template":"onecolumn-page.php","meta":{"footnotes":""},"class_list":["post-2085","page","type-page","status-publish","hentry"],"jetpack_sharing_enabled":true,"jetpack_shortlink":"https:\/\/wp.me\/PgzmLv-xD","post_mailing_queue_ids":[],"_links":{"self":[{"href":"https:\/\/ancien.foretdeluhan.be\/index.php\/wp-json\/wp\/v2\/pages\/2085","targetHints":{"allow":["GET"]}}],"collection":[{"href":"https:\/\/ancien.foretdeluhan.be\/index.php\/wp-json\/wp\/v2\/pages"}],"about":[{"href":"https:\/\/ancien.foretdeluhan.be\/index.php\/wp-json\/wp\/v2\/types\/page"}],"author":[{"embeddable":true,"href":"https:\/\/ancien.foretdeluhan.be\/index.php\/wp-json\/wp\/v2\/users\/1"}],"replies":[{"embeddable":true,"href":"https:\/\/ancien.foretdeluhan.be\/index.php\/wp-json\/wp\/v2\/comments?post=2085"}],"version-history":[{"count":11,"href":"https:\/\/ancien.foretdeluhan.be\/index.php\/wp-json\/wp\/v2\/pages\/2085\/revisions"}],"predecessor-version":[{"id":3587,"href":"https:\/\/ancien.foretdeluhan.be\/index.php\/wp-json\/wp\/v2\/pages\/2085\/revisions\/3587"}],"up":[{"embeddable":true,"href":"https:\/\/ancien.foretdeluhan.be\/index.php\/wp-json\/wp\/v2\/pages\/18"}],"wp:attachment":[{"href":"https:\/\/ancien.foretdeluhan.be\/index.php\/wp-json\/wp\/v2\/media?parent=2085"}],"curies":[{"name":"wp","href":"https:\/\/api.w.org\/{rel}","templated":true}]}}