{"id":3131,"date":"2022-11-09T20:14:21","date_gmt":"2022-11-09T19:14:21","guid":{"rendered":"http:\/\/ancien.foretdeluhan.be\/?page_id=3131"},"modified":"2023-05-16T07:15:20","modified_gmt":"2023-05-16T05:15:20","slug":"les-habitants","status":"publish","type":"page","link":"https:\/\/ancien.foretdeluhan.be\/index.php\/les-habitants\/","title":{"rendered":"Le collectif"},"content":{"rendered":"\n<h2 class=\"wp-block-heading\"><strong>Un collectif auto-g\u00e9r\u00e9<\/strong><\/h2>\n\n\n\n<p>Autour de ce projet de r\u00e9silience collective et de cr\u00e9ation d&rsquo;un \u00e9co-lieu participatif, l\u2019\u00e9nergie d&rsquo;une dizaine de personnes aux parcours et sensibilit\u00e9s vari\u00e9es et compl\u00e9mentaires, rassembl\u00e9e par les id\u00e9aux de leur t\u00eate et de leur c\u0153ur, mais une \u00e9nergie bien ancr\u00e9e et enracin\u00e9e. Un investissement \u00e0 g\u00e9om\u00e9trie variable, des engagements par ann\u00e9e, le d\u00e9veloppement de diff\u00e9rents projets et activit\u00e9s en fonction des comp\u00e9tences \/ envies \/ projets de chacun, et une ouverture sur la dynamique citoyenne locale. <\/p>\n\n\n\n<p>Des r\u00e9unions bi-mensuelles permettent de g\u00e9rer quotidiennement les diff\u00e9rents projets: maraichage, jardin-for\u00eat, ateliers, gestion du site, administratif&#8230; <\/p>\n\n\n\n<p>Des journ\u00e9es d&rsquo;accueil au champ les jeudis et vendredis permettent d&rsquo;int\u00e9grer petit \u00e0 petit des personnes curieuses et d\u00e9sirant s&rsquo;investir dans le projet, allant de jeunes volontaires aux pensionn\u00e9s en passant par des personnes en transition ou citoyens engag\u00e9s. <\/p>\n\n\n\n<p>La participation est au centre du projet, avec l&rsquo;id\u00e9e d&rsquo;une exp\u00e9rience collective, faite d&rsquo;essais-erreurs, d&rsquo;apprentissages collectifs mutuels etc. <\/p>\n\n\n\n<p><\/p>\n\n\n\n<p><\/p>\n\n\n<div class=\"wp-block-image\">\n<figure class=\"aligncenter\"><img loading=\"lazy\" decoding=\"async\" width=\"300\" height=\"193\" src=\"http:\/\/ancien.foretdeluhan.be\/wp-content\/uploads\/2020\/10\/Screenshot-from-2020-10-18-16-26-38-300x193.png\" alt=\"\" class=\"wp-image-1349\" srcset=\"https:\/\/ancien.foretdeluhan.be\/wp-content\/uploads\/2020\/10\/Screenshot-from-2020-10-18-16-26-38-300x193.png 300w, https:\/\/ancien.foretdeluhan.be\/wp-content\/uploads\/2020\/10\/Screenshot-from-2020-10-18-16-26-38-1024x660.png 1024w, https:\/\/ancien.foretdeluhan.be\/wp-content\/uploads\/2020\/10\/Screenshot-from-2020-10-18-16-26-38-768x495.png 768w, https:\/\/ancien.foretdeluhan.be\/wp-content\/uploads\/2020\/10\/Screenshot-from-2020-10-18-16-26-38.png 1170w\" sizes=\"auto, (max-width: 300px) 100vw, 300px\" \/><\/figure>\n<\/div>","protected":false},"excerpt":{"rendered":"<p>Un collectif auto-g\u00e9r\u00e9 Autour de ce projet de r\u00e9silience collective et de cr\u00e9ation d&rsquo;un \u00e9co-lieu participatif, l\u2019\u00e9nergie d&rsquo;une dizaine de personnes aux parcours et sensibilit\u00e9s vari\u00e9es et compl\u00e9mentaires, rassembl\u00e9e par les id\u00e9aux de leur t\u00eate et de leur c\u0153ur, mais &hellip; <a href=\"https:\/\/ancien.foretdeluhan.be\/index.php\/les-habitants\/\">Continuer la lecture <span class=\"meta-nav\">&rarr;<\/span><\/a><\/p>\n","protected":false},"author":19,"featured_media":0,"parent":0,"menu_order":0,"comment_status":"closed","ping_status":"closed","template":"onecolumn-page.php","meta":{"footnotes":""},"class_list":["post-3131","page","type-page","status-publish","hentry"],"jetpack_sharing_enabled":true,"jetpack_shortlink":"https:\/\/wp.me\/PgzmLv-Ov","post_mailing_queue_ids":[],"_links":{"self":[{"href":"https:\/\/ancien.foretdeluhan.be\/index.php\/wp-json\/wp\/v2\/pages\/3131","targetHints":{"allow":["GET"]}}],"collection":[{"href":"https:\/\/ancien.foretdeluhan.be\/index.php\/wp-json\/wp\/v2\/pages"}],"about":[{"href":"https:\/\/ancien.foretdeluhan.be\/index.php\/wp-json\/wp\/v2\/types\/page"}],"author":[{"embeddable":true,"href":"https:\/\/ancien.foretdeluhan.be\/index.php\/wp-json\/wp\/v2\/users\/19"}],"replies":[{"embeddable":true,"href":"https:\/\/ancien.foretdeluhan.be\/index.php\/wp-json\/wp\/v2\/comments?post=3131"}],"version-history":[{"count":2,"href":"https:\/\/ancien.foretdeluhan.be\/index.php\/wp-json\/wp\/v2\/pages\/3131\/revisions"}],"predecessor-version":[{"id":3179,"href":"https:\/\/ancien.foretdeluhan.be\/index.php\/wp-json\/wp\/v2\/pages\/3131\/revisions\/3179"}],"wp:attachment":[{"href":"https:\/\/ancien.foretdeluhan.be\/index.php\/wp-json\/wp\/v2\/media?parent=3131"}],"curies":[{"name":"wp","href":"https:\/\/api.w.org\/{rel}","templated":true}]}}