{"id":3144,"date":"2022-11-10T16:33:05","date_gmt":"2022-11-10T15:33:05","guid":{"rendered":"http:\/\/ancien.foretdeluhan.be\/?page_id=3144"},"modified":"2023-05-22T13:06:05","modified_gmt":"2023-05-22T11:06:05","slug":"le-jardin-foret-a-luhan","status":"publish","type":"page","link":"https:\/\/ancien.foretdeluhan.be\/index.php\/presentation\/le-jardin-foret-a-luhan\/","title":{"rendered":"Le Jardin-For\u00eat \u00e0 Luhan"},"content":{"rendered":"\n\n\n<h2><em>Pourquoi un jardin-for\u00eat nourricier ?<\/em><\/h2>\n\n\n\n\nP\u00e9rennit\u00e9, r\u00e9silience, biodiversit\u00e9, \u00e9quilibre et compl\u00e9mentarit\u00e9 entre annuel et perp\u00e9tuel, temps pour les r\u00e9coltes et la transformation de ce que la nature nous offre de mani\u00e8re \u2018sauvage\u2019\u2026 telles sont les motivations. Un jardin de plantes aromatiques et m\u00e9dicinales trouvera sa place dans le d\u00e9cor. Les poules participeront \u00e0 l\u2019\u00e9quilibre du lieu, et nous envisageons de collaborer avec un cheval pour les travaux au jardin. Une \u00e9quipe de permanents ainsi que de nombreuses personnes, collectifs, associations, participent \u00e0 la cr\u00e9ation de ce projet nourricier (jeunes, pensionn\u00e9s, stagiaires, b\u00e9n\u00e9voles, woofers,&#8230;). Nous souhaitons amener les auto-cueilleurs et visiteurs vers une balade riche en d\u00e9couvertes et en po\u00e9sie, tout en sensibilisant \u00e0 la probl\u00e9matique de la production locale et respectueuse de l&rsquo;environnement en Wallonie.\n<h2><em><span lang=\"fr-BE\">Mise en place collective du Jardin-For\u00eat<\/span><\/em><\/h2>\n<span style=\"font-size: medium;\"><span lang=\"fr-BE\"><span style=\"font-size: medium;\">Le jardin for\u00eat est un jardin reproduisant la structure d\u2019<\/span><\/span><\/span><span style=\"font-size: medium;\"><span lang=\"fr-BE\"><b>un jeune bois naturel<\/b><\/span><\/span><span style=\"font-size: medium;\"><span lang=\"fr-BE\">. Il contient des plantes <\/span><\/span><span style=\"font-size: medium;\"><span lang=\"fr-BE\"><b>p\u00e9rennes<\/b><\/span><\/span><span style=\"font-size: medium;\"><span lang=\"fr-BE\">\u00a0: arbres, arbustes et couvres sols qui cr\u00e9ent un \u00e9quilibre et une compl\u00e9mentarit\u00e9 entre elles. On peut y installer des plantes <\/span><\/span><span style=\"font-size: medium;\"><span lang=\"fr-BE\">\u00e0 haute valeurs nutritive (par ex\u00a0: noyers, noisetier) indispensable \u00e0 notre <\/span><\/span><span style=\"font-size: medium;\"><span lang=\"fr-BE\"><b>\u00e9quilibre et autonomie alimentaire <\/b><\/span><\/span><span style=\"font-size: medium;\"><span lang=\"fr-BE\">sur le long terme.<\/span><\/span>\n\n<img loading=\"lazy\" decoding=\"async\" class=\"alignnone size-full wp-image-3139\" src=\"http:\/\/ancien.foretdeluhan.be\/wp-content\/uploads\/2022\/11\/Screenshot-from-2022-11-10-15-22-47.png\" alt=\"\" width=\"1002\" height=\"395\" srcset=\"https:\/\/ancien.foretdeluhan.be\/wp-content\/uploads\/2022\/11\/Screenshot-from-2022-11-10-15-22-47.png 1002w, https:\/\/ancien.foretdeluhan.be\/wp-content\/uploads\/2022\/11\/Screenshot-from-2022-11-10-15-22-47-300x118.png 300w, https:\/\/ancien.foretdeluhan.be\/wp-content\/uploads\/2022\/11\/Screenshot-from-2022-11-10-15-22-47-768x303.png 768w\" sizes=\"auto, (max-width: 1002px) 100vw, 1002px\" \/>\n\n<span style=\"font-size: medium;\"><span lang=\"fr-BE\">Au fur et \u00e0 mesure de son d\u00e9veloppement, il <\/span><\/span><span style=\"font-size: medium;\"><span lang=\"fr-BE\"> g\u00e9n\u00e8re en grande partie\u00a0sa<\/span><\/span><span style=\"font-size: medium;\"><span lang=\"fr-BE\"><b> fertilit\u00e9<\/b><\/span><\/span><span style=\"font-size: medium;\"><span lang=\"fr-BE\">. Les arbres remontent les min\u00e9raux du sous- sol et les rendent disponibles dans la liti\u00e8re, au b\u00e9n\u00e9fice des v\u00e9g\u00e9taux \u00e0 enracinement moins profond. Elle ne n\u00e9cessite donc pas ou peu \u00e0 terme d\u2019apports d\u2019engrais ou de compost et tr\u00e8s peu d\u2019intervention de l\u2019humain.<\/span><\/span>\n\n<span style=\"font-size: medium;\"><span lang=\"fr-BE\">Il tient \u00e9galement un r\u00f4le important de <\/span><\/span><span style=\"font-size: medium;\"><span lang=\"fr-BE\"><b>brise vent<\/b><\/span><\/span><span style=\"font-size: medium;\"><span lang=\"fr-BE\"> indispensable sur notre terrain et favorise la cr\u00e9ation de microclimats au b\u00e9n\u00e9fice de cultures annuelles comme le mara\u00eechage.<\/span><\/span>\n\n<span style=\"font-size: medium;\"><span lang=\"fr-BE\">La participation des arbres \u00e0 la\u00a0purification de l\u2019air et de l\u2019eau, au maintien des sols et leurs fertilit\u00e9s, \u00e0 sa d\u00e9compaction, \u00e0 la s\u00e9questration du carbone atmosph\u00e9rique est indispensable \u00e0 l\u2019accueil de la <\/span><\/span><span style=\"font-size: medium;\"><span lang=\"fr-BE\"><b>biodiversit\u00e9<\/b><\/span><\/span><span style=\"font-size: medium;\"><span lang=\"fr-BE\"> que nous souhaitons d\u00e9velopper.<\/span><\/span>\n<p lang=\"fr-BE\"><span style=\"font-size: medium;\">En 2020, nous avons plant\u00e9 plusieurs centaines d\u2019arbres et arbustes sous forme de haies ou de parcelles densifi\u00e9es. Un gros travail qui a pu \u00eatre effectu\u00e9s gr\u00e2ce \u00e0 vos dons, \u00e0 la r\u00e9gion wallonne et aux b\u00e9n\u00e9voles qui ont particip\u00e9 tr\u00e8s activement \u00e0 la plantation. <\/span><\/p>\n<p lang=\"fr-BE\"><span style=\"font-size: medium;\">M\u00eame si \u00e0 terme la for\u00eat jardin tend vers l\u2019autonomie, toutes ces plantations ambitieuses demandent du soin les premi\u00e8res ann\u00e9es pour se d\u00e9velopper: d\u00e9sherbage, mise en place de couvre-sols, densification en ajoutant de nouvelles plantes n\u00e9cessaire \u00e0 son \u00e9quilibre et en rempla\u00e7ant celles qui n\u2019ont pas surv\u00e9cus, tailles, tondes, arrosage\u2026 .<\/span><\/p>\n<span style=\"font-size: medium;\"><span lang=\"fr-BE\">Dans un esprit d\u2019appropriation collective de ces jardins, nous avons organs\u00e9 en 2022 un cycle de 10 journ\u00e9es permettant d\u2019<\/span><\/span><span style=\"font-size: medium;\"><span lang=\"fr-BE\"><b>acqu\u00e9rir les notions de base <\/b><\/span><\/span><span style=\"font-size: medium;\"><span lang=\"fr-BE\">pour la cr\u00e9ation de ce type de jardin nourricier (introduction au design en permaculture, la structure du sol, sa faune et sa flore, les strates, la taille, l\u2019interaction entre les arbres et le sol \u2026) tant en prenant soin activement et concr\u00e8tement des arbres et de la terre qui les accueillent en travaillant au jardin.<\/span><\/span>\n\n<img loading=\"lazy\" decoding=\"async\" class=\"alignnone size-full wp-image-3140\" src=\"http:\/\/ancien.foretdeluhan.be\/wp-content\/uploads\/2022\/11\/Screenshot-from-2022-11-10-15-23-04.png\" alt=\"\" width=\"1482\" height=\"583\" srcset=\"https:\/\/ancien.foretdeluhan.be\/wp-content\/uploads\/2022\/11\/Screenshot-from-2022-11-10-15-23-04.png 1482w, https:\/\/ancien.foretdeluhan.be\/wp-content\/uploads\/2022\/11\/Screenshot-from-2022-11-10-15-23-04-300x118.png 300w, https:\/\/ancien.foretdeluhan.be\/wp-content\/uploads\/2022\/11\/Screenshot-from-2022-11-10-15-23-04-1024x403.png 1024w, https:\/\/ancien.foretdeluhan.be\/wp-content\/uploads\/2022\/11\/Screenshot-from-2022-11-10-15-23-04-768x302.png 768w\" sizes=\"auto, (max-width: 1482px) 100vw, 1482px\" \/>\n<p lang=\"fr-BE\"><span style=\"font-size: medium;\">Une trentaine de personnes ont particip\u00e9 aux ateliers qui se termineront fin d\u00e9cembre 2022 (voir prochaines dates dans la newsletter).<\/span><\/p>\n<span style=\"font-size: medium;\"><span lang=\"fr-BE\"><b>L\u2019\u00e9nergie et l\u2019enthousiasme du groupe<\/b><\/span><\/span><span style=\"font-size: medium;\"><span lang=\"fr-BE\"> permet d\u2019effectuer un travail magnifique tant au niveau de l\u2019esth\u00e9tique que de l\u2019\u00e9panouissement des plantes. Nous exp\u00e9rimentons diff\u00e9rents agencement, niveau d\u2019intervention et de densification.<\/span><\/span>\n\n<img loading=\"lazy\" decoding=\"async\" class=\"alignnone size-full wp-image-3138\" src=\"http:\/\/ancien.foretdeluhan.be\/wp-content\/uploads\/2022\/11\/Screenshot-from-2022-11-10-15-22-35.png\" alt=\"\" width=\"1014\" height=\"471\" srcset=\"https:\/\/ancien.foretdeluhan.be\/wp-content\/uploads\/2022\/11\/Screenshot-from-2022-11-10-15-22-35.png 1014w, https:\/\/ancien.foretdeluhan.be\/wp-content\/uploads\/2022\/11\/Screenshot-from-2022-11-10-15-22-35-300x139.png 300w, https:\/\/ancien.foretdeluhan.be\/wp-content\/uploads\/2022\/11\/Screenshot-from-2022-11-10-15-22-35-768x357.png 768w\" sizes=\"auto, (max-width: 1014px) 100vw, 1014px\" \/>\n\n<span style=\"font-size: medium;\"><span lang=\"fr-BE\"><b>La nature<\/b><\/span><\/span><span style=\"font-size: medium;\"><span lang=\"fr-BE\"> nous impose aussi son <\/span><\/span><span style=\"font-size: medium;\"><span lang=\"fr-BE\"><b>rythme<\/b><\/span><\/span><span style=\"font-size: medium;\"><span lang=\"fr-BE\"> et la cohabitation avec tous ses habitants. On constate les difficult\u00e9s qu\u2019une partie des arbres ont suite aux passages des cervid\u00e9s et nous nous adaptons en d\u00e9pla\u00e7ant certains arbres revisitant ainsi notre design de base qui reste adaptable et vivant. A c\u00f4t\u00e9 de cela, l\u2019abondance de petits fruits, d\u2019aromates et la cueillette des premi\u00e8res pommes et poires nous donnent de bonnes perspectives pour les ann\u00e9es \u00e0 venir et pour notre pari sur la <\/span><\/span><span style=\"font-size: medium;\"><span lang=\"fr-BE\"><b>capacit\u00e9 de r\u00e9silience<\/b><\/span><\/span><span style=\"font-size: medium;\"><span lang=\"fr-BE\"> de l\u2019humain et de la nature\u2026\u00a0!<\/span><\/span>\n\n<a href=\"http:\/\/ancien.foretdeluhan.be\/index.php\/presentation\/la-foret-jardin\/\">Cliquez ici<\/a> pour plus de d\u00e9tails sur le design et les essences du jardin-for\u00eat!\n\n\n\n","protected":false},"excerpt":{"rendered":"<p>Pourquoi un jardin-for\u00eat nourricier ? P\u00e9rennit\u00e9, r\u00e9silience, biodiversit\u00e9, \u00e9quilibre et compl\u00e9mentarit\u00e9 entre annuel et perp\u00e9tuel, temps pour les r\u00e9coltes et la transformation de ce que la nature nous offre de mani\u00e8re \u2018sauvage\u2019\u2026 telles sont les motivations. Un jardin de plantes &hellip; <a href=\"https:\/\/ancien.foretdeluhan.be\/index.php\/presentation\/le-jardin-foret-a-luhan\/\">Continuer la lecture <span class=\"meta-nav\">&rarr;<\/span><\/a><\/p>\n","protected":false},"author":19,"featured_media":0,"parent":18,"menu_order":0,"comment_status":"closed","ping_status":"closed","template":"onecolumn-page.php","meta":{"footnotes":""},"class_list":["post-3144","page","type-page","status-publish","hentry"],"jetpack_sharing_enabled":true,"jetpack_shortlink":"https:\/\/wp.me\/PgzmLv-OI","post_mailing_queue_ids":[],"_links":{"self":[{"href":"https:\/\/ancien.foretdeluhan.be\/index.php\/wp-json\/wp\/v2\/pages\/3144","targetHints":{"allow":["GET"]}}],"collection":[{"href":"https:\/\/ancien.foretdeluhan.be\/index.php\/wp-json\/wp\/v2\/pages"}],"about":[{"href":"https:\/\/ancien.foretdeluhan.be\/index.php\/wp-json\/wp\/v2\/types\/page"}],"author":[{"embeddable":true,"href":"https:\/\/ancien.foretdeluhan.be\/index.php\/wp-json\/wp\/v2\/users\/19"}],"replies":[{"embeddable":true,"href":"https:\/\/ancien.foretdeluhan.be\/index.php\/wp-json\/wp\/v2\/comments?post=3144"}],"version-history":[{"count":9,"href":"https:\/\/ancien.foretdeluhan.be\/index.php\/wp-json\/wp\/v2\/pages\/3144\/revisions"}],"predecessor-version":[{"id":3689,"href":"https:\/\/ancien.foretdeluhan.be\/index.php\/wp-json\/wp\/v2\/pages\/3144\/revisions\/3689"}],"up":[{"embeddable":true,"href":"https:\/\/ancien.foretdeluhan.be\/index.php\/wp-json\/wp\/v2\/pages\/18"}],"wp:attachment":[{"href":"https:\/\/ancien.foretdeluhan.be\/index.php\/wp-json\/wp\/v2\/media?parent=3144"}],"curies":[{"name":"wp","href":"https:\/\/api.w.org\/{rel}","templated":true}]}}