{"id":3159,"date":"2022-11-13T22:57:47","date_gmt":"2022-11-13T21:57:47","guid":{"rendered":"http:\/\/ancien.foretdeluhan.be\/?page_id=3159"},"modified":"2023-05-16T07:15:21","modified_gmt":"2023-05-16T05:15:21","slug":"structure-juridique","status":"publish","type":"page","link":"https:\/\/ancien.foretdeluhan.be\/index.php\/structure-juridique\/","title":{"rendered":"Structure juridique"},"content":{"rendered":"\n<h2 class=\"wp-block-heading\"><strong>Une structure juridique : aisbl \u2013 fondation<\/strong><\/h2>\n\n\n\n<p><strong>La for\u00eat de Luhan est un projet avec deux structures juridiques&nbsp;:<\/strong><\/p>\n\n\n\n<ol class=\"wp-block-list\">\n<li>d\u2019une part \u00a0\u00bb\u00a0<strong>l\u2019aisbl Yggdrasil \u2013 communaut\u00e9 \u00e0 cultiver \u00ab\u00a0:<\/strong>\u00a0plateforme d\u2019\u00e9ducation permanente qui a pour but d\u2019encourager des dynamiques de solidarit\u00e9s autour d\u2019enjeux de souverainet\u00e9, alimentaire, culturelle, politique. L&rsquo;asbl est la structure porteuse des diff\u00e9rents projets: maraichage, jardin-for\u00eats, chantiers participatifs, ateliers,&#8230; <\/li>\n<\/ol>\n\n\n\n<ol class=\"wp-block-list\" start=\"2\">\n<li>D\u2019autre part une&nbsp;<strong>fondation \u00ab&nbsp;For\u00eat de Luhan&nbsp;\u00bb<\/strong>&nbsp;, qui a pour objectif de p\u00e9renniser et sortir de la sp\u00e9culation un lieu, pour y faire vivre un projet agricole participatif, communautaire, solidaire,\u200b \u200b\u00e9cologique\u200b et nourricier \u200bdans\u200b \u200bun\u200b \u200besprit\u200b \u200bnon\u200b \u200blucratif et dans un esprit d\u2019\u00e9ducation permanente. L\u2019int\u00e9r\u00eat \u00e9conomique poursuivi ici n\u2019est pas la recherche de profit financier mais plut\u00f4t la cr\u00e9ation d\u2019une fondation autonome financi\u00e8rement. Nous souhaitons en effet \u00e9viter la propri\u00e9t\u00e9 individuelle, dans l\u2019id\u00e9e que la terre appartient \u00e0 ceux qui la cultivent avec amour et respect. Nous cherchons donc \u00e0 financer collectivement cette terre qui servira \u00e0 nourrir la collectivit\u00e9 : les membres du projet et leur famille, les habitants de la commune, les gens accueillis, les visiteurs, \u2026<\/li>\n<\/ol>\n","protected":false},"excerpt":{"rendered":"<p>Une structure juridique : aisbl \u2013 fondation La for\u00eat de Luhan est un projet avec deux structures juridiques&nbsp;:<\/p>\n","protected":false},"author":1,"featured_media":0,"parent":0,"menu_order":0,"comment_status":"closed","ping_status":"closed","template":"onecolumn-page.php","meta":{"footnotes":""},"class_list":["post-3159","page","type-page","status-publish","hentry"],"jetpack_sharing_enabled":true,"jetpack_shortlink":"https:\/\/wp.me\/PgzmLv-OX","post_mailing_queue_ids":[],"_links":{"self":[{"href":"https:\/\/ancien.foretdeluhan.be\/index.php\/wp-json\/wp\/v2\/pages\/3159","targetHints":{"allow":["GET"]}}],"collection":[{"href":"https:\/\/ancien.foretdeluhan.be\/index.php\/wp-json\/wp\/v2\/pages"}],"about":[{"href":"https:\/\/ancien.foretdeluhan.be\/index.php\/wp-json\/wp\/v2\/types\/page"}],"author":[{"embeddable":true,"href":"https:\/\/ancien.foretdeluhan.be\/index.php\/wp-json\/wp\/v2\/users\/1"}],"replies":[{"embeddable":true,"href":"https:\/\/ancien.foretdeluhan.be\/index.php\/wp-json\/wp\/v2\/comments?post=3159"}],"version-history":[{"count":3,"href":"https:\/\/ancien.foretdeluhan.be\/index.php\/wp-json\/wp\/v2\/pages\/3159\/revisions"}],"predecessor-version":[{"id":3180,"href":"https:\/\/ancien.foretdeluhan.be\/index.php\/wp-json\/wp\/v2\/pages\/3159\/revisions\/3180"}],"wp:attachment":[{"href":"https:\/\/ancien.foretdeluhan.be\/index.php\/wp-json\/wp\/v2\/media?parent=3159"}],"curies":[{"name":"wp","href":"https:\/\/api.w.org\/{rel}","templated":true}]}}