{"id":3162,"date":"2022-11-13T23:07:11","date_gmt":"2022-11-13T22:07:11","guid":{"rendered":"http:\/\/ancien.foretdeluhan.be\/?page_id=3162"},"modified":"2025-05-15T19:41:20","modified_gmt":"2025-05-15T17:41:20","slug":"ateliers-et-chantiers-participatifs","status":"publish","type":"page","link":"https:\/\/ancien.foretdeluhan.be\/index.php\/ateliers-et-chantiers-participatifs\/","title":{"rendered":"Chantiers participatifs d&rsquo;auto-construction 2025"},"content":{"rendered":"<h2><strong><u>C&rsquo;est reparti pour un \u00e9t\u00e9 de chantiers participatifs pour la maison collective ! <\/u><\/strong><\/h2>\n<p>\ud83c\udfe1 <b>Quoi ?<\/b> Un chantier participatif dans la joie, le bois et la bonne humeur<br \/>\n\ud83d\uddd3 <b>Quand ?<\/b> Juillet et ao\u00fbt (voir dates ci-dessous), en semaine.<br \/>\n\ud83d\udccd <b>O\u00f9 ?<\/b> <a href=\"https:\/\/goo.gl\/maps\/LTJV6VASV8dunBrG8\">La For\u00eat de Luhan, \u00e0 Pavillonchamps 17c, 4920 Aywaille (Harz\u00e9)<\/a><br \/>\n\u2754 <b>Comment ?<\/b> On t\u2019explique tout ci-dessous ! \u2b07\ufe0f<\/p>\n<p>La For\u00eat de Luhan, situ\u00e9e \u00e0 <strong>Harz\u00e9<\/strong>, est un <strong>\u00e9co-lieu agricole<\/strong> et solidaire pour petits et grands, centr\u00e9 sur des enjeux d\u2019<strong>autonomie<\/strong> et de <strong>r\u00e9silience\u00a0<\/strong>:mara\u00eechage, jardin-foret nourricier, \u00e9v\u00e9nements culturels, ateliers, formations et chantiers participatifs.<\/p>\n<p>La <strong>maison collective<\/strong> de l\u2019\u00e9co-lieu servira pour le stockage du mat\u00e9riel et des l\u00e9gumes, la cuisine collective, un espace polyvalent, un bureau et pour de l&rsquo;h\u00e9bergement.<\/p>\n<p><strong>Auto-construite<\/strong> en ossature bois, terre paille, cette maison \u00e9cologique permettra de poursuivre les activit\u00e9s de l\u2019\u00e9co-lieu en am\u00e9liorant l\u2019accueil des publics et l\u2019offre d\u2019activit\u00e9s propos\u00e9es sur le site.<\/p>\n<p>Envie d&rsquo;en apprendre sur la construction d\u2019une maison \u00e9cologique ossature bois terre paille ? Envie de mettre la main \u00e0 la p\u00e2te ? De te plonger dans l&rsquo;univers d&rsquo;un \u00e9co-lieu participatif et dans la bonne ambiance des chantiers collectifs\u00a0? \u00c7a tombe bien, on r\u00eave de t&rsquo;avoir \u00e0 nos c\u00f4t\u00e9s pour nous aider \u00e0 concr\u00e9tiser ce beau projet ensemble\u00a0!<\/p>\n<p><img loading=\"lazy\" decoding=\"async\" class=\"x168nmei x13lgxp2 x5pf9jr xo71vjh x1bwycvy x193iq5w x4fas0m x19kjcj4\" src=\"https:\/\/scontent-cdg4-1.xx.fbcdn.net\/v\/t39.30808-6\/484051081_1052362280252347_4598672733144638624_n.jpg?stp=cp6_dst-jpg_tt6&amp;_nc_cat=108&amp;ccb=1-7&amp;_nc_sid=127cfc&amp;_nc_ohc=3y_e8dB__a8Q7kNvwG_itHo&amp;_nc_oc=AdlvoKqfJUPnS0r9GdBVuOP8OE8r1mF4LI3GsVcf1MSPKpP2J2yKuIyhxYOH58x4gZ8&amp;_nc_zt=23&amp;_nc_ht=scontent-cdg4-1.xx&amp;_nc_gid=GGsbFPELGz1BP12yVYylYA&amp;oh=00_AfFNJCxUamf41nt8ltoqRvaxKhRRbup-NQNInq6rm655JA&amp;oe=68068A55\" alt=\"Peut \u00eatre une image de 8 personnes\" width=\"639\" height=\"479\" data-visualcompletion=\"media-vc-image\" \/><\/p>\n<h2>En quoi le chantier consistera ?<\/h2>\n<p>La premi\u00e8re phase de chantier participatif qui s&rsquo;est d\u00e9roul\u00e9e l&rsquo;\u00e9t\u00e9 pass\u00e9e, nous a permis de monter l\u2019ossature bois et la charpente de la maison. Cet \u00e9t\u00e9 il s&rsquo;agit de<strong> l&rsquo;isolation en paille et des enduits \u00e0 l&rsquo;argile<\/strong>.<\/p>\n<ul>\n<li>du 01 au 4 juillet (menuiserie int\u00e9rieure)<\/li>\n<li>du 07 au 11 juillet (paille)<\/li>\n<li>du 14 au 18 juillet (paille)<\/li>\n<li>du 21 au 25 juillet (paille)<\/li>\n<li>du 11 au 15 ao\u00fbt (enduits)<\/li>\n<li>du 18 au 22 ao\u00fbt (enduits)<\/li>\n<li>du 25 au 29 ao\u00fbt (enduits)<\/li>\n<\/ul>\n<p><strong>Pour v\u00e9rifier les disponibilit\u00e9s des semaines <a href=\"https:\/\/foretdeluhan-my.sharepoint.com\/:x:\/g\/personal\/info_foretdeluhan_onmicrosoft_com\/EQ_m0SxS7FtOjjBsstjxJZ0Bwj1V_oKuxBekFBcZ2KN10Q?e=QP6zIS\">c&rsquo;est par ici<\/a>.<\/strong><\/p>\n<p>Les \u00e9tapes sont nombreuses et nous ne parviendrons au bout de la course qu&rsquo;avec l&rsquo;aide de b\u00e9n\u00e9voles motiv\u00e9\u00b7es \ud83d\udc9a<\/p>\n<p><em>\ud83d\udcaa Certaines \u00e9tapes impliquent le travail en hauteur ou le port de charges lourdes.<\/em><\/p>\n<h2>Pratiquement, \u00e7a se passe comment ?<\/h2>\n<p>Du lundi au vendredi\u00a0 :<\/p>\n<ul>\n<li>09:00-09:15 \u2013 Cercle de briefing<\/li>\n<li>09:30-13:00 \u2013 Chantier<\/li>\n<li>13:00-14:00 \u2013 Repas du midi et pause<\/li>\n<li>14:00-17:00 \u2013 Chantier<\/li>\n<li>17:00-17:30 \u2013 Cercle de partage<\/li>\n<li>19:00-20:30 \u2013 Repas du soir<\/li>\n<\/ul>\n<p>Accueil possible le dimanche soir et fin de la semaine le vendredi \u00e0 16h30<\/p>\n<p>\ud83d\udcddEngagement<br \/>\nSur certaines \u00e9tapes, plus longues, le chantier sera plus fluide si les participant.e.s restent longtemps et peuvent se familiariser avec le fonctionnement. C\u2019est important pour nous de cr\u00e9er une coh\u00e9sion dans l\u2019\u00e9quipe et de respecter le programme pr\u00e9vu. C\u2019est pourquoi nous demandons dans la mesure du possible aux participant.e.s de s\u2019engager pour une semaine. Mais si cela n&rsquo;est pas possible pour toi, n\u2019h\u00e9site pas \u00e0 nous contacter afin d&rsquo;en discuter et trouver une solution.<\/p>\n<p>\u26fa\u00a0Logement<br \/>\nUn espace camping est pr\u00e9vu sur le terrain pour y planter ta tente. En fonction des semaines, il pourra \u00eatre possible de dormir en dortoir dans le d\u00f4me ou louer une yourte (nous contacter pour en discuter).<\/p>\n<p>\ud83c\udf7d\ufe0f\u00a0Repas<br \/>\nNous prenons en charge les repas qui seront v\u00e9g\u00e9tariens et pr\u00e9par\u00e9s avec les l\u00e9gumes du champ et le maximum d\u2019ingr\u00e9dients locaux et bio. Nous recherchons \u00e9galement un.e. b\u00e9n\u00e9vole pour s&rsquo;occuper de coordonner et confectionner les repas.<\/p>\n<p>\ud83e\uddf3\u00a0\u00c0 apporter<\/p>\n<ul>\n<li>Si en tente, ton mat\u00e9riel pour camper : un matelas de sol, un sac de couchage, un oreiller<\/li>\n<li>Une lampe de poche\/frontale pour te d\u00e9placer la nuit tomb\u00e9e<\/li>\n<li>Un imperm\u00e9able et des chaussures \u00e9tanches<\/li>\n<li>Une paire de chaussures d&rsquo;int\u00e9rieurs<\/li>\n<li>Des boules quies<\/li>\n<li>Pour le chantier :\n<ul>\n<li>des chaussures de s\u00e9curit\u00e9 (fortement recommand\u00e9es)<\/li>\n<li>des v\u00eatements de travail\u00a0\u00a0(permettant de travailler en confort, en toute s\u00e9curit\u00e9 et que tu n\u2019as pas peur de salir ou d\u2019ab\u00eemer)<\/li>\n<li>des gants de travail<\/li>\n<li>si tu as, crayon de menuisier, \u00e9querre, double-m\u00e8tre, m\u00e8tre-ruban<\/li>\n<\/ul>\n<\/li>\n<li>De la cr\u00e8me solaire et un couvre-chef<\/li>\n<li>Des v\u00eatements chauds pour les \u00e9ventuelles soir\u00e9es plus fra\u00eeches<\/li>\n<li>Une gourde<\/li>\n<li>Tout ce qu\u2019il te ferait plaisir de partager : jeux de soci\u00e9t\u00e9, instrument de musique, lectures inspirantes, playlists dansantes\u2026<\/li>\n<\/ul>\n<p>\ud83e\uddba\u00a0S\u00e9curit\u00e9<br \/>\nNous mettrons \u00e0 disposition des \u00e9quipements de protection individuelle. Nous recommandons fortement leur utilisation et que les participant.e.s s\u2019\u00e9quipent de chaussures de s\u00e9curit\u00e9.<\/p>\n<p>\u2139\ufe0f\u00a0\u00a0S\u00e9ance d\u2019info<br \/>\nTu as des questions, des h\u00e9sitations, des demandes ou autres ? Il y aura deux sessions d\u2019informations pour y r\u00e9pondre et \u00e9changer. Elles auront lieu sur ZOOM sur inscription.<br \/>\n<strong>La premi\u00e8re aura lieu le 26 mai \u00e0 20h<\/strong>. Inscription aupr\u00e8s de Laurence (voir ci-dessous)<\/p>\n<p>Si tu es <strong>disponible et motiv\u00e9\u00b7e<\/strong> pour nous aider, contacte Laurence par mail : <a href=\"mailto:laurence@foretdeluhan.be\">laurence@foretdeluhan.be<\/a> ou par t\u00e9l\u00e9phone au 0497\/424919<\/p>\n<p>\u2600\ufe0f Au del\u00e0 de la construction, nous avons le d\u00e9sir de faire de ce chantier un moment convivial, de partages, et de rencontres. Nous souhaitons aussi qu&rsquo;ils soient riches en d\u00e9couvertes et en apprentissages afin qu&rsquo;ils donnent envie \u00e0 chacun de se lancer dans ses projets !<\/p>\n<p>Au plaisir de vous rencontrer et de partager avec vous cette belle aventure.<\/p>\n<p><img loading=\"lazy\" decoding=\"async\" class=\"alignnone wp-image-4423 size-large\" src=\"http:\/\/ancien.foretdeluhan.be\/wp-content\/uploads\/2024\/04\/IMG-20240723-WA0008-e1744881315185-1024x585.jpg\" alt=\"\" width=\"640\" height=\"366\" srcset=\"https:\/\/ancien.foretdeluhan.be\/wp-content\/uploads\/2024\/04\/IMG-20240723-WA0008-e1744881315185-1024x585.jpg 1024w, https:\/\/ancien.foretdeluhan.be\/wp-content\/uploads\/2024\/04\/IMG-20240723-WA0008-e1744881315185-300x171.jpg 300w, https:\/\/ancien.foretdeluhan.be\/wp-content\/uploads\/2024\/04\/IMG-20240723-WA0008-e1744881315185-768x439.jpg 768w, https:\/\/ancien.foretdeluhan.be\/wp-content\/uploads\/2024\/04\/IMG-20240723-WA0008-e1744881315185-1536x878.jpg 1536w, https:\/\/ancien.foretdeluhan.be\/wp-content\/uploads\/2024\/04\/IMG-20240723-WA0008-e1744881315185.jpg 2048w\" sizes=\"auto, (max-width: 640px) 100vw, 640px\" \/><\/p>\n","protected":false},"excerpt":{"rendered":"<p>C&rsquo;est reparti pour un \u00e9t\u00e9 de chantiers participatifs pour la maison collective ! \ud83c\udfe1 Quoi ? Un chantier participatif dans la joie, le bois et la bonne humeur \ud83d\uddd3 Quand ? Juillet et ao\u00fbt (voir dates ci-dessous), en semaine. \ud83d\udccd &hellip; <a href=\"https:\/\/ancien.foretdeluhan.be\/index.php\/ateliers-et-chantiers-participatifs\/\">Continuer la lecture <span class=\"meta-nav\">&rarr;<\/span><\/a><\/p>\n","protected":false},"author":1,"featured_media":4429,"parent":0,"menu_order":0,"comment_status":"closed","ping_status":"closed","template":"onecolumn-page.php","meta":{"footnotes":""},"class_list":["post-3162","page","type-page","status-publish","has-post-thumbnail","hentry"],"jetpack_sharing_enabled":true,"jetpack_shortlink":"https:\/\/wp.me\/PgzmLv-P0","post_mailing_queue_ids":[],"_links":{"self":[{"href":"https:\/\/ancien.foretdeluhan.be\/index.php\/wp-json\/wp\/v2\/pages\/3162","targetHints":{"allow":["GET"]}}],"collection":[{"href":"https:\/\/ancien.foretdeluhan.be\/index.php\/wp-json\/wp\/v2\/pages"}],"about":[{"href":"https:\/\/ancien.foretdeluhan.be\/index.php\/wp-json\/wp\/v2\/types\/page"}],"author":[{"embeddable":true,"href":"https:\/\/ancien.foretdeluhan.be\/index.php\/wp-json\/wp\/v2\/users\/1"}],"replies":[{"embeddable":true,"href":"https:\/\/ancien.foretdeluhan.be\/index.php\/wp-json\/wp\/v2\/comments?post=3162"}],"version-history":[{"count":50,"href":"https:\/\/ancien.foretdeluhan.be\/index.php\/wp-json\/wp\/v2\/pages\/3162\/revisions"}],"predecessor-version":[{"id":4439,"href":"https:\/\/ancien.foretdeluhan.be\/index.php\/wp-json\/wp\/v2\/pages\/3162\/revisions\/4439"}],"wp:featuredmedia":[{"embeddable":true,"href":"https:\/\/ancien.foretdeluhan.be\/index.php\/wp-json\/wp\/v2\/media\/4429"}],"wp:attachment":[{"href":"https:\/\/ancien.foretdeluhan.be\/index.php\/wp-json\/wp\/v2\/media?parent=3162"}],"curies":[{"name":"wp","href":"https:\/\/api.w.org\/{rel}","templated":true}]}}