{"id":3182,"date":"2022-11-13T23:57:11","date_gmt":"2022-11-13T22:57:11","guid":{"rendered":"http:\/\/ancien.foretdeluhan.be\/?page_id=3182"},"modified":"2023-05-22T14:45:35","modified_gmt":"2023-05-22T12:45:35","slug":"soutiens","status":"publish","type":"page","link":"https:\/\/ancien.foretdeluhan.be\/index.php\/soutiens\/","title":{"rendered":"Soutiens"},"content":{"rendered":"\r\n<p>Mille mercis, \u00e0 toute les personnes, structures, associations, qui de pr\u00e8s ou de loin participent au d\u00e9veloppement de ce beau projet. Tous les volontaires, b\u00e9n\u00e9voles, partenaires, voisins&#8230;<\/p>\r\n<h2>Financement participatifs<\/h2>\r\n<p>Un premier financement participatif a \u00e9t\u00e9 organis\u00e9 en 2019, et nous a permis de lancer nos activit\u00e9s sur le terrain de la For\u00eat de Luhan. Un tout grand merci \u00e0 <em>Nathalie, Olivier, Fanny, Anne-Sophie, Laura, Sophie, Guillaume, Franz, Cindy, Philippe &amp; Christine, Natacha, S\u00e9bastien, Michel, Fran\u00e7ois, Lorenz, Annick, V\u00e9ronique, Marie-Th\u00e9r\u00e8se, C\u00e9line, Marie-C\u00e9line, Delphine &amp; Thomas, Magali, V\u00e9ronique, Camille, Thierry, Justin, Laurence, Benoit, Roger, G\u00e9raldine, V\u00e9ronique, David, Anne, S\u00e9bastien, Daniel, Tania, Samuel, Mich\u00e8le, Jan-Jaap, Pascale, Perrine &amp; Raf &amp; Lila, Natacha, Marie-H\u00e9l\u00e8ne, Aubry, Christine, Pauline, Jean-Marc, Vinciane, Josiane, Adiren, Audrey, Martine, Fanny, Yves, St\u00e9phane, Nathalie, Marie-France, Jean-Claude, Caroline, Genevi\u00e8ve, No\u00e9mie, Nadine, Pascal, Philippe, Corentin, Elise, Marie, Beno\u00eet, Monique, St\u00e9phanie, Catherine, Caroline &amp; Benoit, Julie, Julie, Marie &amp; Pitou, Alex, Elisabeth, Anouk, Audrey, Marie-Paule, Georges, Florence, Alice, Arnaud, Anne, Caroline, Lo\u00efc, Jean-Christophe, Gauthier, Francis, Elena<\/em>. Rien de tout cela n&rsquo;aurait \u00e9t\u00e9 possible sans vous!<\/p>\r\n<p>Un second financement participatif a ensuite \u00e9t\u00e9 organis\u00e9 pour l&rsquo;achat d&rsquo;arbres et d&rsquo;arbustes en 2020, afin de d\u00e9marrer la plantation du<a href=\"http:\/\/ancien.foretdeluhan.be\/index.php\/presentation\/le-jardin-foret-a-luhan\/\"> jardin-for\u00eat<\/a>. Mille mercis \u00e0 <em>Nadia, Camille, Paule, Odile, Emmanuelle, Loretta, Jean-Marie, Damien, Annick, Anne-Marie &amp; Guy, Laurence, Mich\u00e8le, C\u00e9line, Fanny, Marguerite, Nadine, Genevi\u00e8ve, Laura, Michael, Bernard, Marie, S\u00e9bastien, Tommy, Marie, Estelle, Nicole &amp; Jacques, Florine, Domi, Francis, Aur\u00e9lie, Josette, Joelle, B\u00e9n\u00e9dicte, Jean-Claude, Audrey, Joseph &amp; Nadia, Pauline, Monique, Anne, Pascale, Canal, Nadia, Jens<\/em><\/p>\r\n\r\n\r\n\r\n<h2>Projets sp\u00e9cifiques<\/h2>\r\n<p>La For\u00eat de Luhan a \u00e9galement \u00e9t\u00e9 soutenue par plusieurs organismes dans diff\u00e9rents cadres et projets:<\/p>\r\n\r\n\r\n\r\n<ul class=\"wp-block-list\">\r\n<li>La R\u00e9gion Wallonne dans le cadre d&rsquo;un projet pilote en \u00e9conomie sociale (2020)<\/li>\r\n\r\n\r\n\r\n<li>La Province de Li\u00e8ge lors d&rsquo;\u00e9v\u00e8nements culturels ponctuels<\/li>\r\n\r\n\r\n\r\n<li>Action Vivre Ensemble dans le cadre d&rsquo;un projet d&rsquo;accueil de jeunes d\u00e9favoris\u00e9s (2020)<\/li>\r\n\r\n\r\n\r\n<li>Vis mon Village (2021)<\/li>\r\n\r\n\r\n\r\n<li>La Fondation Mycelium (2021)<\/li>\r\n\r\n\r\n\r\n<li>La Fondation Trois-Tiers (2022)<\/li>\r\n\r\n\r\n\r\n<li>Fonds pour la nature d&rsquo;ici et d&rsquo;ailleurs (2022)<\/li>\r\n<li>La R\u00e9gion Wallonne dans le cadre de l&rsquo;appel \u00e0 projets \u00ab\u00a0Tiers-lieux ruraux de Wallonie\u00a0\u00bb.\u00a0<\/li>\r\n<\/ul>\r\n<h2>Vid\u00e9os et communication<\/h2>\r\n<p><strong>Musique d\u2019Action Paysanne<\/strong>: Musique joyeusement militante! Merci \u00e0 eux pour la bande son de nos\u00a0<a href=\"https:\/\/vimeo.com\/foretdeluhan\">vid\u00e9os<\/a>!<\/p>\r\n<div class=\"wp-block-image\">\r\n<figure class=\"aligncenter\"><a href=\"http:\/\/musique.lemap.be\/\"><img loading=\"lazy\" decoding=\"async\" class=\"wp-image-454\" src=\"http:\/\/ancien.foretdeluhan.be\/wp-content\/uploads\/2019\/03\/image.jpeg\" sizes=\"auto, (max-width: 394px) 100vw, 394px\" srcset=\"http:\/\/ancien.foretdeluhan.be\/wp-content\/uploads\/2019\/03\/image.jpeg 394w, http:\/\/ancien.foretdeluhan.be\/wp-content\/uploads\/2019\/03\/image-300x97.jpeg 300w\" alt=\"\" width=\"394\" height=\"128\" \/><\/a><\/figure>\r\n<p>Merci \u00e9galement \u00e0 Seb, H\u00e9l\u00e8ne, Ben et\u00a0 Jonas pour le montage de nos videos!<\/p>\r\n<\/div>\r\n","protected":false},"excerpt":{"rendered":"<p>Mille mercis, \u00e0 toute les personnes, structures, associations, qui de pr\u00e8s ou de loin participent au d\u00e9veloppement de ce beau projet. Tous les volontaires, b\u00e9n\u00e9voles, partenaires, voisins&#8230; Financement participatifs Un premier financement participatif a \u00e9t\u00e9 organis\u00e9 en 2019, et nous &hellip; <a href=\"https:\/\/ancien.foretdeluhan.be\/index.php\/soutiens\/\">Continuer la lecture <span class=\"meta-nav\">&rarr;<\/span><\/a><\/p>\n","protected":false},"author":1,"featured_media":0,"parent":0,"menu_order":0,"comment_status":"closed","ping_status":"closed","template":"onecolumn-page.php","meta":{"footnotes":""},"class_list":["post-3182","page","type-page","status-publish","hentry"],"jetpack_sharing_enabled":true,"jetpack_shortlink":"https:\/\/wp.me\/PgzmLv-Pk","post_mailing_queue_ids":[],"_links":{"self":[{"href":"https:\/\/ancien.foretdeluhan.be\/index.php\/wp-json\/wp\/v2\/pages\/3182","targetHints":{"allow":["GET"]}}],"collection":[{"href":"https:\/\/ancien.foretdeluhan.be\/index.php\/wp-json\/wp\/v2\/pages"}],"about":[{"href":"https:\/\/ancien.foretdeluhan.be\/index.php\/wp-json\/wp\/v2\/types\/page"}],"author":[{"embeddable":true,"href":"https:\/\/ancien.foretdeluhan.be\/index.php\/wp-json\/wp\/v2\/users\/1"}],"replies":[{"embeddable":true,"href":"https:\/\/ancien.foretdeluhan.be\/index.php\/wp-json\/wp\/v2\/comments?post=3182"}],"version-history":[{"count":10,"href":"https:\/\/ancien.foretdeluhan.be\/index.php\/wp-json\/wp\/v2\/pages\/3182\/revisions"}],"predecessor-version":[{"id":3691,"href":"https:\/\/ancien.foretdeluhan.be\/index.php\/wp-json\/wp\/v2\/pages\/3182\/revisions\/3691"}],"wp:attachment":[{"href":"https:\/\/ancien.foretdeluhan.be\/index.php\/wp-json\/wp\/v2\/media?parent=3182"}],"curies":[{"name":"wp","href":"https:\/\/api.w.org\/{rel}","templated":true}]}}