{"id":32,"date":"2019-02-04T13:42:40","date_gmt":"2019-02-04T12:42:40","guid":{"rendered":"http:\/\/yggdrasil-cac.org\/?page_id=32"},"modified":"2024-01-17T17:02:45","modified_gmt":"2024-01-17T16:02:45","slug":"contact","status":"publish","type":"page","link":"https:\/\/ancien.foretdeluhan.be\/index.php\/contact\/","title":{"rendered":"Contact"},"content":{"rendered":"\r\n<h2>Coordonn\u00e9es<\/h2>\r\n<p>Aisbl Yggdrasil-cac <br \/>Rue de PavillonChamps 17c<br \/>4920 Harz\u00e9<br \/><a href=\"info@foretdeluhan.be\"> info@foretdeluhan.be<\/a><br \/>TVA\u00a0: BE0700449965<br \/>Num\u00e9ro de compte : BE31 1030 5401 8055<br \/>Tel: +32 473546295<\/p>\r\n<h2>Pr\u00e9sentation des membres du collectif<\/h2>\r\n<p><a href=\"http:\/\/ancien.foretdeluhan.be\/index.php\/presentation-nadia\/\"><img loading=\"lazy\" decoding=\"async\" class=\"alignnone  wp-image-3795\" src=\"http:\/\/ancien.foretdeluhan.be\/wp-content\/uploads\/2023\/07\/photo-Nad.jpg\" alt=\"\" width=\"205\" height=\"266\" srcset=\"https:\/\/ancien.foretdeluhan.be\/wp-content\/uploads\/2023\/07\/photo-Nad.jpg 404w, https:\/\/ancien.foretdeluhan.be\/wp-content\/uploads\/2023\/07\/photo-Nad-231x300.jpg 231w, https:\/\/ancien.foretdeluhan.be\/wp-content\/uploads\/2023\/07\/photo-Nad-300x390.jpg 300w\" sizes=\"auto, (max-width: 205px) 100vw, 205px\" \/> <\/a>\u00a0 \u00a0\u00a0 \u00a0\u00a0 \u00a0\u00a0 \u00a0\u00a0 \u00a0\u00a0 \u00a0\u00a0 \u00a0\u00a0 <a href=\"http:\/\/ancien.foretdeluhan.be\/index.php\/helene\/\"><img loading=\"lazy\" decoding=\"async\" class=\"alignnone  wp-image-3797\" src=\"http:\/\/ancien.foretdeluhan.be\/wp-content\/uploads\/2023\/07\/photo-helene.png\" alt=\"\" width=\"211\" height=\"266\" srcset=\"https:\/\/ancien.foretdeluhan.be\/wp-content\/uploads\/2023\/07\/photo-helene.png 341w, https:\/\/ancien.foretdeluhan.be\/wp-content\/uploads\/2023\/07\/photo-helene-237x300.png 237w, https:\/\/ancien.foretdeluhan.be\/wp-content\/uploads\/2023\/07\/photo-helene-300x379.png 300w\" sizes=\"auto, (max-width: 211px) 100vw, 211px\" \/><\/a><\/p>\r\n<p>Nadia- nadia@foretdeluhan.be\u00a0 \u00a0 \u00a0 \u00a0 \u00a0 \u00a0 \u00a0 \u00a0 \u00a0H\u00e9l\u00e8ne- info@foretdeluhan.be\u00a0<br \/>charg\u00e9e de projets socio-culturels\u00a0 \u00a0 \u00a0 \u00a0 \u00a0 \u00a0 membre du CA de l&rsquo;asbl, volontaire.\u00a0<\/p>\r\n<p>\u00a0 \u00a0 \u00a0 \u00a0 <a href=\"http:\/\/ancien.foretdeluhan.be\/index.php\/presentation-de-virginie\/\"><img loading=\"lazy\" decoding=\"async\" class=\"alignnone  wp-image-3788\" src=\"http:\/\/ancien.foretdeluhan.be\/wp-content\/uploads\/2023\/07\/presentation.jpeg\" alt=\"\" width=\"181\" height=\"241\" srcset=\"https:\/\/ancien.foretdeluhan.be\/wp-content\/uploads\/2023\/07\/presentation.jpeg 768w, https:\/\/ancien.foretdeluhan.be\/wp-content\/uploads\/2023\/07\/presentation-225x300.jpeg 225w, https:\/\/ancien.foretdeluhan.be\/wp-content\/uploads\/2023\/07\/presentation-300x400.jpeg 300w\" sizes=\"auto, (max-width: 181px) 100vw, 181px\" \/><\/a>\u00a0 \u00a0 \u00a0 \u00a0 \u00a0 \u00a0 \u00a0 \u00a0 \u00a0 \u00a0 \u00a0 <a href=\"http:\/\/ancien.foretdeluhan.be\/index.php\/presentation-de-laurent\/\"><img loading=\"lazy\" decoding=\"async\" class=\"alignnone  wp-image-3786\" src=\"http:\/\/ancien.foretdeluhan.be\/wp-content\/uploads\/2023\/07\/LAURENT-1024x958.png\" alt=\"\" width=\"222\" height=\"207\" srcset=\"https:\/\/ancien.foretdeluhan.be\/wp-content\/uploads\/2023\/07\/LAURENT-1024x958.png 1024w, https:\/\/ancien.foretdeluhan.be\/wp-content\/uploads\/2023\/07\/LAURENT-300x281.png 300w, https:\/\/ancien.foretdeluhan.be\/wp-content\/uploads\/2023\/07\/LAURENT-768x718.png 768w, https:\/\/ancien.foretdeluhan.be\/wp-content\/uploads\/2023\/07\/LAURENT-1536x1437.png 1536w, https:\/\/ancien.foretdeluhan.be\/wp-content\/uploads\/2023\/07\/LAURENT.png 1639w\" sizes=\"auto, (max-width: 222px) 100vw, 222px\" \/><\/a><\/p>\r\n<p>Virginie &#8211; virginie@foretdeluhan.be\u00a0 \u00a0 \u00a0 \u00a0 \u00a0 \u00a0 Laurent &#8211; laurent@foretdeluhan.be\u00a0<br \/>Charg\u00e9e de l&rsquo;accueil extrascolaire\u00a0 \u00a0 \u00a0 \u00a0 \u00a0 \u00a0Charg\u00e9 de sensibilisation \u00e0 l&rsquo;autonomie alimentaire<\/p>\r\n<p><a href=\"http:\/\/ancien.foretdeluhan.be\/index.php\/presentation-dolivier\/\"><img loading=\"lazy\" decoding=\"async\" class=\"alignnone  wp-image-3799\" src=\"http:\/\/ancien.foretdeluhan.be\/wp-content\/uploads\/2023\/07\/profil-682x1024.jpg\" alt=\"\" width=\"214\" height=\"321\" srcset=\"https:\/\/ancien.foretdeluhan.be\/wp-content\/uploads\/2023\/07\/profil-682x1024.jpg 682w, https:\/\/ancien.foretdeluhan.be\/wp-content\/uploads\/2023\/07\/profil-200x300.jpg 200w, https:\/\/ancien.foretdeluhan.be\/wp-content\/uploads\/2023\/07\/profil-768x1152.jpg 768w, https:\/\/ancien.foretdeluhan.be\/wp-content\/uploads\/2023\/07\/profil-300x450.jpg 300w, https:\/\/ancien.foretdeluhan.be\/wp-content\/uploads\/2023\/07\/profil.jpg 979w\" sizes=\"auto, (max-width: 214px) 100vw, 214px\" \/><\/a>\u00a0 \u00a0 \u00a0 \u00a0 \u00a0 \u00a0 \u00a0 \u00a0 \u00a0 <a href=\"http:\/\/ancien.foretdeluhan.be\/index.php\/presentation-de-laurence\/\"><img loading=\"lazy\" decoding=\"async\" class=\"alignnone  wp-image-3802\" src=\"http:\/\/ancien.foretdeluhan.be\/wp-content\/uploads\/2023\/07\/photo-lolo.jpg\" alt=\"\" width=\"251\" height=\"324\" srcset=\"https:\/\/ancien.foretdeluhan.be\/wp-content\/uploads\/2023\/07\/photo-lolo.jpg 696w, https:\/\/ancien.foretdeluhan.be\/wp-content\/uploads\/2023\/07\/photo-lolo-232x300.jpg 232w, https:\/\/ancien.foretdeluhan.be\/wp-content\/uploads\/2023\/07\/photo-lolo-300x388.jpg 300w\" sizes=\"auto, (max-width: 251px) 100vw, 251px\" \/><\/a><\/p>\r\n<p>Olivier &#8211; olivier@foretdeluhan.be\u00a0 \u00a0 \u00a0 \u00a0 \u00a0 \u00a0 \u00a0Laurence &#8211; info@foretdeluhan.be\u00a0<br \/>Charg\u00e9 de jardin-for\u00eat nourricier\u00a0 \u00a0 \u00a0 \u00a0 \u00a0 \u00a0 \u00a0Volontaire maraichage, jardin-for\u00eat\u00a0<\/p>\r\n<p><img loading=\"lazy\" decoding=\"async\" class=\"alignnone  wp-image-4207\" src=\"http:\/\/ancien.foretdeluhan.be\/wp-content\/uploads\/2024\/01\/Capture-decran-2024-01-17-a-15.49.20.png\" alt=\"\" width=\"218\" height=\"253\" srcset=\"https:\/\/ancien.foretdeluhan.be\/wp-content\/uploads\/2024\/01\/Capture-decran-2024-01-17-a-15.49.20.png 362w, https:\/\/ancien.foretdeluhan.be\/wp-content\/uploads\/2024\/01\/Capture-decran-2024-01-17-a-15.49.20-259x300.png 259w, https:\/\/ancien.foretdeluhan.be\/wp-content\/uploads\/2024\/01\/Capture-decran-2024-01-17-a-15.49.20-300x348.png 300w\" sizes=\"auto, (max-width: 218px) 100vw, 218px\" \/>\u00a0 \u00a0 \u00a0 \u00a0 \u00a0 \u00a0 \u00a0 \u00a0 \u00a0 <img loading=\"lazy\" decoding=\"async\" class=\"alignnone  wp-image-4206\" src=\"http:\/\/ancien.foretdeluhan.be\/wp-content\/uploads\/2024\/01\/Capture-decran-2024-01-17-a-15.49.44.png\" alt=\"\" width=\"215\" height=\"253\" srcset=\"https:\/\/ancien.foretdeluhan.be\/wp-content\/uploads\/2024\/01\/Capture-decran-2024-01-17-a-15.49.44.png 356w, https:\/\/ancien.foretdeluhan.be\/wp-content\/uploads\/2024\/01\/Capture-decran-2024-01-17-a-15.49.44-256x300.png 256w, https:\/\/ancien.foretdeluhan.be\/wp-content\/uploads\/2024\/01\/Capture-decran-2024-01-17-a-15.49.44-300x352.png 300w\" sizes=\"auto, (max-width: 215px) 100vw, 215px\" \/><\/p>\r\n<p>Sylvain &#8211; info@foretdeluhan.be \u00a0 \u00a0 \u00a0 \u00a0 \u00a0 \u00a0 \u00a0 \u00a0 \u00a0Magali &#8211; info@foretdeluhan.be \u00a0 \u00a0 \u00a0 \u00a0 \u00a0 \u00a0 \u00a0 \u00a0 \u00a0 \u00a0 \u00a0 \u00a0Membre du CA de l&rsquo;asbl, volontaire. \u00a0 \u00a0 \u00a0 \u00a0 \u00a0Membre du CA de l&rsquo;asbl, volontaire<\/p>\r\n<p><img loading=\"lazy\" decoding=\"async\" class=\"alignnone  wp-image-4208\" src=\"http:\/\/ancien.foretdeluhan.be\/wp-content\/uploads\/2024\/01\/Capture-decran-2024-01-17-a-15.50.02.png\" alt=\"\" width=\"222\" height=\"332\" srcset=\"https:\/\/ancien.foretdeluhan.be\/wp-content\/uploads\/2024\/01\/Capture-decran-2024-01-17-a-15.50.02.png 282w, https:\/\/ancien.foretdeluhan.be\/wp-content\/uploads\/2024\/01\/Capture-decran-2024-01-17-a-15.50.02-200x300.png 200w\" sizes=\"auto, (max-width: 222px) 100vw, 222px\" \/>\u00a0 \u00a0 \u00a0 \u00a0 \u00a0 \u00a0 \u00a0 \u00a0 <img loading=\"lazy\" decoding=\"async\" class=\"alignnone  wp-image-4210\" src=\"http:\/\/ancien.foretdeluhan.be\/wp-content\/uploads\/2024\/01\/flora-photo-1-300x300.jpeg\" alt=\"\" width=\"226\" height=\"226\" srcset=\"https:\/\/ancien.foretdeluhan.be\/wp-content\/uploads\/2024\/01\/flora-photo-1-300x300.jpeg 300w, https:\/\/ancien.foretdeluhan.be\/wp-content\/uploads\/2024\/01\/flora-photo-1-150x150.jpeg 150w, https:\/\/ancien.foretdeluhan.be\/wp-content\/uploads\/2024\/01\/flora-photo-1-768x768.jpeg 768w, https:\/\/ancien.foretdeluhan.be\/wp-content\/uploads\/2024\/01\/flora-photo-1-200x200.jpeg 200w, https:\/\/ancien.foretdeluhan.be\/wp-content\/uploads\/2024\/01\/flora-photo-1-100x100.jpeg 100w, https:\/\/ancien.foretdeluhan.be\/wp-content\/uploads\/2024\/01\/flora-photo-1-250x250.jpeg 250w, https:\/\/ancien.foretdeluhan.be\/wp-content\/uploads\/2024\/01\/flora-photo-1-40x40.jpeg 40w, https:\/\/ancien.foretdeluhan.be\/wp-content\/uploads\/2024\/01\/flora-photo-1.jpeg 960w\" sizes=\"auto, (max-width: 226px) 100vw, 226px\" \/><\/p>\r\n<p>Julien &#8211; julien@foretdeluhan.be. \u00a0 \u00a0 \u00a0 \u00a0 \u00a0 \u00a0 \u00a0 \u00a0Flora &#8211; info@foretdeluhan.be \u00a0 \u00a0 \u00a0 \u00a0 \u00a0 \u00a0 \u00a0 \u00a0 \u00a0 \u00a0 \u00a0 \u00a0 \u00a0 \u00a0 \u00a0 \u00a0 \u00a0 \u00a0 Coordination des chantiers participatifs \u00a0 Soudure et abeilles<\/p>\r\n<p><span style=\"color: #000000; font-size: 1.8em;\">Pour nous rendre visite:<\/span><\/p>\r\n<p>En venant du chateau d&rsquo;Harz\u00e9, rue de Pavillonchamps, prendre \u00e0 gauche apr\u00e8s le num\u00e9ro 17, c\u2019est au fond de la petite rue.<\/p>\r\n<p><strong><span style=\"text-decoration: underline;\">\r\n\r\n<\/span><\/strong><\/p>\r\n<p><iframe loading=\"lazy\" style=\"border: 0;\" src=\"https:\/\/www.google.com\/maps\/embed?pb=!1m14!1m8!1m3!1d4694.316827004544!2d5.6663927!3d50.4455906!3m2!1i1024!2i768!4f13.1!3m3!1m2!1s0x47c05c1639f6815b%3A0xe92b498c56f078e7!2sPavillonchamps+17%2C+4920+Aywaille!5e1!3m2!1sfr!2sbe!4v1549372996530\" width=\"600\" height=\"450\" frameborder=\"0\" allowfullscreen=\"allowfullscreen\" data-mce-fragment=\"1\"><\/iframe><\/p>\r\n<p><strong><span style=\"text-decoration: underline;\">\r\n\r\n\r\n\r\n<\/span><\/strong><\/p>\r\n\r\n\r\n\r\n\r\n\r\n\r\n\r\n<h2>Nous trouver sur les r\u00e9seaux sociaux:<\/h2>\r\n\r\n\r\n\r\n<figure class=\"wp-block-image is-resized\"><a href=\"https:\/\/www.facebook.com\/For\u00eat-de-Luhan-Communaut\u00e9-\u00e0-cultiver-1029634397160763\/?modal=admin_todo_tour\" target=\"_blank\" rel=\"noreferrer noopener\"><img loading=\"lazy\" decoding=\"async\" class=\"wp-image-125\" src=\"http:\/\/ancien.foretdeluhan.be\/wp-content\/uploads\/2019\/02\/faceballs.jpg\" alt=\"\" width=\"123\" height=\"123\" srcset=\"https:\/\/ancien.foretdeluhan.be\/wp-content\/uploads\/2019\/02\/faceballs.jpg 288w, https:\/\/ancien.foretdeluhan.be\/wp-content\/uploads\/2019\/02\/faceballs-200x200.jpg 200w, https:\/\/ancien.foretdeluhan.be\/wp-content\/uploads\/2019\/02\/faceballs-150x150.jpg 150w, https:\/\/ancien.foretdeluhan.be\/wp-content\/uploads\/2019\/02\/faceballs-100x100.jpg 100w\" sizes=\"auto, (max-width: 123px) 100vw, 123px\" \/><\/a><br \/><br \/><\/figure>\r\n<h2>S&rsquo;inscrire \u00e0 notre newsletter:<\/h2>\r\n<div class=\"emaillist\" id=\"es_form_f1-n1\"><form action=\"\/index.php\/wp-json\/wp\/v2\/pages\/32#es_form_f1-n1\" method=\"post\" class=\"es_subscription_form es_shortcode_form \" id=\"es_subscription_form_69e25d62021f6\" data-source=\"ig-es\" data-form-id=\"1\"><div class=\"es-field-wrap\"><label>Nom<br \/><input type=\"text\" name=\"esfpx_name\" class=\"ig_es_form_field_name\" placeholder=\"\" value=\"\" \/><\/label><\/div><div class=\"es-field-wrap\"><label>E-mail*<br \/><input class=\"es_required_field es_txt_email ig_es_form_field_email\" type=\"email\" name=\"esfpx_email\" value=\"\" placeholder=\"\" required=\"required\" \/><\/label><\/div><input type=\"hidden\" name=\"esfpx_lists[]\" value=\"b1069e731269\" \/><input type=\"hidden\" name=\"esfpx_form_id\" value=\"1\" \/><input type=\"hidden\" name=\"es\" value=\"subscribe\" \/>\n\t\t\t<input type=\"hidden\" name=\"esfpx_es_form_identifier\" value=\"f1-n1\" \/>\n\t\t\t<input type=\"hidden\" name=\"esfpx_es_email_page\" value=\"32\" \/>\n\t\t\t<input type=\"hidden\" name=\"esfpx_es_email_page_url\" value=\"https:\/\/ancien.foretdeluhan.be\/index.php\/contact\/\" \/>\n\t\t\t<input type=\"hidden\" name=\"esfpx_status\" value=\"Unconfirmed\" \/>\n\t\t\t<input type=\"hidden\" name=\"esfpx_es-subscribe\" id=\"es-subscribe-69e25d62021f6\" value=\"7c833bc747\" \/>\n\t\t\t<label style=\"position:absolute;top:-99999px;left:-99999px;z-index:-99;\" aria-hidden=\"true\"><span hidden>Please leave this field empty.<\/span><input type=\"email\" name=\"esfpx_es_hp_email\" class=\"es_required_field\" tabindex=\"-1\" autocomplete=\"-1\" value=\"\" \/><\/label><input type=\"submit\" name=\"submit\" class=\"es_subscription_form_submit es_submit_button es_textbox_button\" id=\"es_subscription_form_submit_69e25d62021f6\" value=\"Inscription\" \/><span class=\"es_spinner_image\" id=\"spinner-image\"><img decoding=\"async\" src=\"https:\/\/ancien.foretdeluhan.be\/wp-content\/plugins\/email-subscribers\/lite\/public\/images\/spinner.gif\" alt=\"Loading\" \/><\/span><\/form><span class=\"es_subscription_message \" id=\"es_subscription_message_69e25d62021f6\"><\/span><\/div>\r\n\r\n<div id=\"ConnectiveDocSignExtentionInstalled\" data-extension-version=\"1.0.4\">\u00a0<\/div>","protected":false},"excerpt":{"rendered":"<p>Coordonn\u00e9es Aisbl Yggdrasil-cac Rue de PavillonChamps 17c4920 Harz\u00e9 info@foretdeluhan.beTVA\u00a0: BE0700449965Num\u00e9ro de compte : BE31 1030 5401 8055Tel: +32 473546295 Pr\u00e9sentation des membres du collectif \u00a0 \u00a0\u00a0 \u00a0\u00a0 \u00a0\u00a0 \u00a0\u00a0 \u00a0\u00a0 \u00a0\u00a0 \u00a0\u00a0 Nadia- nadia@foretdeluhan.be\u00a0 \u00a0 \u00a0 \u00a0 \u00a0 \u00a0 \u00a0 &hellip; <a href=\"https:\/\/ancien.foretdeluhan.be\/index.php\/contact\/\">Continuer la lecture <span class=\"meta-nav\">&rarr;<\/span><\/a><\/p>\n","protected":false},"author":1,"featured_media":2020,"parent":0,"menu_order":0,"comment_status":"closed","ping_status":"closed","template":"onecolumn-page.php","meta":{"footnotes":""},"class_list":["post-32","page","type-page","status-publish","has-post-thumbnail","hentry"],"jetpack_sharing_enabled":true,"jetpack_shortlink":"https:\/\/wp.me\/PgzmLv-w","post_mailing_queue_ids":[],"_links":{"self":[{"href":"https:\/\/ancien.foretdeluhan.be\/index.php\/wp-json\/wp\/v2\/pages\/32","targetHints":{"allow":["GET"]}}],"collection":[{"href":"https:\/\/ancien.foretdeluhan.be\/index.php\/wp-json\/wp\/v2\/pages"}],"about":[{"href":"https:\/\/ancien.foretdeluhan.be\/index.php\/wp-json\/wp\/v2\/types\/page"}],"author":[{"embeddable":true,"href":"https:\/\/ancien.foretdeluhan.be\/index.php\/wp-json\/wp\/v2\/users\/1"}],"replies":[{"embeddable":true,"href":"https:\/\/ancien.foretdeluhan.be\/index.php\/wp-json\/wp\/v2\/comments?post=32"}],"version-history":[{"count":58,"href":"https:\/\/ancien.foretdeluhan.be\/index.php\/wp-json\/wp\/v2\/pages\/32\/revisions"}],"predecessor-version":[{"id":4213,"href":"https:\/\/ancien.foretdeluhan.be\/index.php\/wp-json\/wp\/v2\/pages\/32\/revisions\/4213"}],"wp:featuredmedia":[{"embeddable":true,"href":"https:\/\/ancien.foretdeluhan.be\/index.php\/wp-json\/wp\/v2\/media\/2020"}],"wp:attachment":[{"href":"https:\/\/ancien.foretdeluhan.be\/index.php\/wp-json\/wp\/v2\/media?parent=32"}],"curies":[{"name":"wp","href":"https:\/\/api.w.org\/{rel}","templated":true}]}}