{"id":3296,"date":"2022-11-16T09:41:46","date_gmt":"2022-11-16T08:41:46","guid":{"rendered":"http:\/\/ancien.foretdeluhan.be\/?page_id=3296"},"modified":"2023-05-16T07:14:35","modified_gmt":"2023-05-16T05:14:35","slug":"projet-pedagogique-helmo-saint-laurent","status":"publish","type":"page","link":"https:\/\/ancien.foretdeluhan.be\/index.php\/projet-pedagogique-helmo-saint-laurent\/","title":{"rendered":"Accueil de groupes et partenariats"},"content":{"rendered":"\n<p>La For\u00eat de Luhan est un collectif agricole qui tente de cr\u00e9er un tiers-lieu rural, une initiative de transition autour de l&rsquo;autonomie alimentaire, la culture et la p\u00e9dagogie. Dans cette perspective, il nous tient \u00e0 coeur de tisser des liens, d&rsquo;accueillir, d&rsquo;envisager le travail de la terre, comme quelque chose de nourricier dans tous les sens du terme: aussi bien en termes de production de fruits et l\u00e9gumes, mais aussi en termes de liens, d&rsquo;apprentissages, de mises en projet de toute une s\u00e9rie de publics, parfois plus fragilis\u00e9s. <\/p>\n\n\n\n<p>C&rsquo;est pourquoi nous accueillons r\u00e9guli\u00e8rement des groupes, des jeunes, des demandeurs d&rsquo;asile, des personnes en r\u00e9insertion, en maladie, des pensionn\u00e9s etc. <\/p>\n\n\n\n<p>Une journ\u00e9e de chantier participatif au champ, c&rsquo;est un retour \u00e0 l&rsquo;essentiel, c&rsquo;est du travail physique, qui fait du bien au moral, mais c&rsquo;est aussi et surtout des rencontres, des \u00e9changes, une occasion de porter un autre regard sur le monde qui nous entoure. <\/p>\n\n\n\n<p>Nous pouvons citer parmi nos partenaires r\u00e9currents: le Centre Croix Rouge de Nonceveux, l&rsquo;IPPJ de Fraipont, l&rsquo;asbl Eva, Solidarcit\u00e9, Interra, la maison m\u00e9dicale d&rsquo;Aywaille, etc. <\/p>\n\n\n\n<p><strong>Projet p\u00e9dagogique HELMO &#8211; Saint Laurent<\/strong><\/p>\n\n\n\n<p>En 2022, une trentaine d&rsquo;\u00e9l\u00e8ves de la HeLMo Saint-Laurent ont d\u00e9cid\u00e9 de mettre \u00e0 profit une part de leur temps \u00ab\u00a0hors programme\u00a0\u00bb pour penser le d\u00e9veloppement d&rsquo;outils ou d&rsquo;infrastructures qui permettront d&rsquo;ergonomiser une partie des t\u00e2ches mara\u00eech\u00e8res.&nbsp;<\/p>\n\n\n\n<p>Encadr\u00e9s par 2 enseignants sp\u00e9cialis\u00e9s en automation et en r\u00e9gulation, ils mettent leurs connaissances \u00e0 l&rsquo;\u00e9preuve en faisant des allers-retours entre th\u00e9orie, conceptualisation et peut-\u00eatre r\u00e9alisation (selon le r\u00e9alisme de leurs propositions) et leur adaptation possible sur les terrains de la For\u00eat de Luhan.<\/p>\n\n\n\n<figure class=\"wp-block-gallery has-nested-images columns-default is-cropped wp-block-gallery-1 is-layout-flex wp-block-gallery-is-layout-flex\">\n<figure class=\"wp-block-image size-large\"><img loading=\"lazy\" decoding=\"async\" width=\"750\" height=\"563\" data-id=\"3298\" src=\"http:\/\/ancien.foretdeluhan.be\/wp-content\/uploads\/2022\/11\/306318229_1715072958879689_3552694220304302996_n.jpg\" alt=\"\" class=\"wp-image-3298\" srcset=\"https:\/\/ancien.foretdeluhan.be\/wp-content\/uploads\/2022\/11\/306318229_1715072958879689_3552694220304302996_n.jpg 750w, https:\/\/ancien.foretdeluhan.be\/wp-content\/uploads\/2022\/11\/306318229_1715072958879689_3552694220304302996_n-300x225.jpg 300w\" sizes=\"auto, (max-width: 750px) 100vw, 750px\" \/><\/figure>\n\n\n\n<figure class=\"wp-block-image size-large\"><img loading=\"lazy\" decoding=\"async\" width=\"750\" height=\"563\" data-id=\"3299\" src=\"http:\/\/ancien.foretdeluhan.be\/wp-content\/uploads\/2022\/11\/307663851_769849554241859_5796069791026459577_n.jpg\" alt=\"\" class=\"wp-image-3299\" srcset=\"https:\/\/ancien.foretdeluhan.be\/wp-content\/uploads\/2022\/11\/307663851_769849554241859_5796069791026459577_n.jpg 750w, https:\/\/ancien.foretdeluhan.be\/wp-content\/uploads\/2022\/11\/307663851_769849554241859_5796069791026459577_n-300x225.jpg 300w\" sizes=\"auto, (max-width: 750px) 100vw, 750px\" \/><\/figure>\n\n\n\n<figure class=\"wp-block-image size-large\"><img loading=\"lazy\" decoding=\"async\" width=\"750\" height=\"563\" data-id=\"3297\" src=\"http:\/\/ancien.foretdeluhan.be\/wp-content\/uploads\/2022\/11\/308631729_1721606088206435_5048433595672072238_n.jpg\" alt=\"\" class=\"wp-image-3297\" srcset=\"https:\/\/ancien.foretdeluhan.be\/wp-content\/uploads\/2022\/11\/308631729_1721606088206435_5048433595672072238_n.jpg 750w, https:\/\/ancien.foretdeluhan.be\/wp-content\/uploads\/2022\/11\/308631729_1721606088206435_5048433595672072238_n-300x225.jpg 300w\" sizes=\"auto, (max-width: 750px) 100vw, 750px\" \/><\/figure>\n<\/figure>\n\n\n\n<p>Le d\u00e9veloppement conceptuel de projets (dimensionnement, s\u00e9lection des composants, recherche de sponsors) est en cours, alors que leur r\u00e9alisation pratique est pr\u00e9vue pour l&rsquo;ann\u00e9e 2023.<\/p>\n\n\n\n<p>Voici la liste des projets:<\/p>\n\n\n\n<ul class=\"wp-block-list\">\n<li>Serre avec ouverture des portes automatis\u00e9e<\/li>\n\n\n\n<li>Syst\u00e8me d&rsquo;irrigation automatis\u00e9 en fonction de la temp\u00e9rature et de l&rsquo;humidit\u00e9<\/li>\n\n\n\n<li>Mise au point d&rsquo;un monte-charge pour le transport des l\u00e9gumes<\/li>\n\n\n\n<li>Automatisation du chaffage et de l&rsquo;arrosage des tables de semis<\/li>\n\n\n\n<li>Stockage gravitaire d&rsquo;\u00e9nergie photovolta\u00efque<\/li>\n\n\n\n<li>Serre enterr\u00e9e de type Wallipini<\/li>\n\n\n\n<li>R\u00e9colte et stockage de l&rsquo;eau de pluie pour l&rsquo;irrigation<\/li>\n<\/ul>\n","protected":false},"excerpt":{"rendered":"<p>La For\u00eat de Luhan est un collectif agricole qui tente de cr\u00e9er un tiers-lieu rural, une initiative de transition autour de l&rsquo;autonomie alimentaire, la culture et la p\u00e9dagogie. Dans cette perspective, il nous tient \u00e0 coeur de tisser des liens, &hellip; <a href=\"https:\/\/ancien.foretdeluhan.be\/index.php\/projet-pedagogique-helmo-saint-laurent\/\">Continuer la lecture <span class=\"meta-nav\">&rarr;<\/span><\/a><\/p>\n","protected":false},"author":1,"featured_media":0,"parent":0,"menu_order":0,"comment_status":"closed","ping_status":"closed","template":"onecolumn-page.php","meta":{"footnotes":""},"class_list":["post-3296","page","type-page","status-publish","hentry"],"jetpack_sharing_enabled":true,"jetpack_shortlink":"https:\/\/wp.me\/PgzmLv-Ra","post_mailing_queue_ids":[],"_links":{"self":[{"href":"https:\/\/ancien.foretdeluhan.be\/index.php\/wp-json\/wp\/v2\/pages\/3296","targetHints":{"allow":["GET"]}}],"collection":[{"href":"https:\/\/ancien.foretdeluhan.be\/index.php\/wp-json\/wp\/v2\/pages"}],"about":[{"href":"https:\/\/ancien.foretdeluhan.be\/index.php\/wp-json\/wp\/v2\/types\/page"}],"author":[{"embeddable":true,"href":"https:\/\/ancien.foretdeluhan.be\/index.php\/wp-json\/wp\/v2\/users\/1"}],"replies":[{"embeddable":true,"href":"https:\/\/ancien.foretdeluhan.be\/index.php\/wp-json\/wp\/v2\/comments?post=3296"}],"version-history":[{"count":3,"href":"https:\/\/ancien.foretdeluhan.be\/index.php\/wp-json\/wp\/v2\/pages\/3296\/revisions"}],"predecessor-version":[{"id":3641,"href":"https:\/\/ancien.foretdeluhan.be\/index.php\/wp-json\/wp\/v2\/pages\/3296\/revisions\/3641"}],"wp:attachment":[{"href":"https:\/\/ancien.foretdeluhan.be\/index.php\/wp-json\/wp\/v2\/media?parent=3296"}],"curies":[{"name":"wp","href":"https:\/\/api.w.org\/{rel}","templated":true}]}}