{"id":3490,"date":"2023-04-03T08:52:13","date_gmt":"2023-04-03T06:52:13","guid":{"rendered":"http:\/\/ancien.foretdeluhan.be\/?page_id=3490"},"modified":"2023-06-17T09:28:09","modified_gmt":"2023-06-17T07:28:09","slug":"campagne-de-financement-participatif-2","status":"publish","type":"page","link":"https:\/\/ancien.foretdeluhan.be\/index.php\/campagne-de-financement-participatif-2\/","title":{"rendered":"Campagne de financement participatif"},"content":{"rendered":"\n<figure class=\"wp-block-image size-large\"><img loading=\"lazy\" decoding=\"async\" width=\"1024\" height=\"1024\" src=\"http:\/\/ancien.foretdeluhan.be\/wp-content\/uploads\/2023\/05\/3-1-1024x1024.jpg\" alt=\"\" class=\"wp-image-3666\" srcset=\"https:\/\/ancien.foretdeluhan.be\/wp-content\/uploads\/2023\/05\/3-1-1024x1024.jpg 1024w, https:\/\/ancien.foretdeluhan.be\/wp-content\/uploads\/2023\/05\/3-1-300x300.jpg 300w, https:\/\/ancien.foretdeluhan.be\/wp-content\/uploads\/2023\/05\/3-1-150x150.jpg 150w, https:\/\/ancien.foretdeluhan.be\/wp-content\/uploads\/2023\/05\/3-1-768x768.jpg 768w, https:\/\/ancien.foretdeluhan.be\/wp-content\/uploads\/2023\/05\/3-1-200x200.jpg 200w, https:\/\/ancien.foretdeluhan.be\/wp-content\/uploads\/2023\/05\/3-1-100x100.jpg 100w, https:\/\/ancien.foretdeluhan.be\/wp-content\/uploads\/2023\/05\/3-1.jpg 1080w\" sizes=\"auto, (max-width: 1024px) 100vw, 1024px\" \/><\/figure>\n\n\n\n<figure class=\"wp-block-image size-large is-resized\"><img loading=\"lazy\" decoding=\"async\" src=\"http:\/\/ancien.foretdeluhan.be\/wp-content\/uploads\/2023\/05\/4-1-1024x1024.jpg\" alt=\"\" class=\"wp-image-3664\" width=\"670\" height=\"670\" srcset=\"https:\/\/ancien.foretdeluhan.be\/wp-content\/uploads\/2023\/05\/4-1-1024x1024.jpg 1024w, https:\/\/ancien.foretdeluhan.be\/wp-content\/uploads\/2023\/05\/4-1-300x300.jpg 300w, https:\/\/ancien.foretdeluhan.be\/wp-content\/uploads\/2023\/05\/4-1-150x150.jpg 150w, https:\/\/ancien.foretdeluhan.be\/wp-content\/uploads\/2023\/05\/4-1-768x768.jpg 768w, https:\/\/ancien.foretdeluhan.be\/wp-content\/uploads\/2023\/05\/4-1-200x200.jpg 200w, https:\/\/ancien.foretdeluhan.be\/wp-content\/uploads\/2023\/05\/4-1-100x100.jpg 100w, https:\/\/ancien.foretdeluhan.be\/wp-content\/uploads\/2023\/05\/4-1.jpg 1080w\" sizes=\"auto, (max-width: 670px) 100vw, 670px\" \/><\/figure>\n\n\n\n<figure class=\"wp-block-image size-large\"><img loading=\"lazy\" decoding=\"async\" width=\"1024\" height=\"1024\" src=\"http:\/\/ancien.foretdeluhan.be\/wp-content\/uploads\/2023\/05\/5-1024x1024.jpg\" alt=\"\" class=\"wp-image-3667\" srcset=\"https:\/\/ancien.foretdeluhan.be\/wp-content\/uploads\/2023\/05\/5-1024x1024.jpg 1024w, https:\/\/ancien.foretdeluhan.be\/wp-content\/uploads\/2023\/05\/5-300x300.jpg 300w, https:\/\/ancien.foretdeluhan.be\/wp-content\/uploads\/2023\/05\/5-150x150.jpg 150w, https:\/\/ancien.foretdeluhan.be\/wp-content\/uploads\/2023\/05\/5-768x768.jpg 768w, https:\/\/ancien.foretdeluhan.be\/wp-content\/uploads\/2023\/05\/5-200x200.jpg 200w, https:\/\/ancien.foretdeluhan.be\/wp-content\/uploads\/2023\/05\/5-100x100.jpg 100w, https:\/\/ancien.foretdeluhan.be\/wp-content\/uploads\/2023\/05\/5.jpg 1080w\" sizes=\"auto, (max-width: 1024px) 100vw, 1024px\" \/><\/figure>\n\n\n<div class=\"wp-block-image\">\n<figure class=\"aligncenter size-full is-resized\"><a href=\"https:\/\/donate.kbs-frb.be\/actions\/PRA-Luhan\"><img loading=\"lazy\" decoding=\"async\" src=\"http:\/\/ancien.foretdeluhan.be\/wp-content\/uploads\/2023\/05\/telechargement-2.png\" alt=\"\" class=\"wp-image-3624\" width=\"474\" height=\"106\" srcset=\"https:\/\/ancien.foretdeluhan.be\/wp-content\/uploads\/2023\/05\/telechargement-2.png 474w, https:\/\/ancien.foretdeluhan.be\/wp-content\/uploads\/2023\/05\/telechargement-2-300x67.png 300w\" sizes=\"auto, (max-width: 474px) 100vw, 474px\" \/><\/a><\/figure>\n<\/div>\n\n\n<p><\/p>\n\n\n\n<p><strong>Plus d&rsquo;infos sur le projet? <\/strong><\/p>\n\n\n\n<p>Le projet d&rsquo;\u00e9co-lieu de la For\u00eat de Luhan est un partenariat entre 2 structures : <\/p>\n\n\n\n<p>1) Une fondation priv\u00e9e \u00ab\u00a0For\u00eat de Luhan\u00a0\u00bb, propri\u00e9taire de l&rsquo;ensemble du patrimoine de l&rsquo;\u00e9co-lieu. La fondation permet de p\u00e9renniser le patrimoine de l&rsquo;\u00e9co-lieu dans le temps puisqu&rsquo;il n&rsquo;est pas propri\u00e9t\u00e9 d&rsquo;une personne physique. <\/p>\n\n\n\n<p>2) Une aisbl \u00ab\u00a0Yggdrasil &#8211; communaut\u00e9 \u00e0 cultiver\u00a0\u00bb, qui g\u00e8re les projets de l&rsquo;\u00e9co-lieu : l&rsquo;activit\u00e9 agricole, l&rsquo;\u00e9picerie, les activit\u00e9s p\u00e9dagogiques (ateliers, chantiers participatifs formation ) et culturelles (\u00e9v\u00e8nements, concerts, spectacles etc). En tant qu&rsquo;usufruiti\u00e8re, elle va construire la maison collective, qui reviendra, au terme de l&rsquo;usufruit \u00e0 la fondation. <\/p>\n\n\n\n<p>&#8212;&#8212;&#8212;&#8212;&#8212;&#8212;&#8212;&#8212;&#8212;&#8212;&#8212;&#8212;&#8212;&#8212;&#8212;&#8212;&#8212;&#8212;&#8212;&#8212;&#8212;&#8212;&#8212;&#8212;&#8212;&#8212;&#8212;&#8212;&#8212;&#8212;&#8212;&#8212;&#8212;&#8212;&#8212;&#8212;&#8212;<\/p>\n\n\n\n<p>Plein de bonnes nouvelles \u00e0 la For\u00eat de Luhan:<strong> <\/strong><\/p>\n\n\n\n<ol class=\"wp-block-list\">\n<li><strong>un permis d&rsquo;urbanisme<\/strong> obtenu pour une maison collective, un hangar agricole et 5 yourtes!<\/li>\n\n\n\n<li>le <strong>soutien de la R\u00e9gion Wallonne<\/strong> dans le cadre de l&rsquo;appel \u00e0 projet \u00ab\u00a0Tiers-lieux ruraux\u00a0\u00bb, principalement pur la cr\u00e9ation d&#8217;emplois (2,5ETP) <br><br>On esp\u00e8re donc pouvoir r\u00e9unir les fonds pour <strong>la construction de la maison collective <\/strong>de l&rsquo;\u00e9co-lieu!<br>Actuellement, l&rsquo;essentiel des activit\u00e9s se font \u00e0 la belle saison sous chapiteau, et la maison collective et l&rsquo;\u00e9picerie dans des infrastructures lou\u00e9es \u00e0 notre voisin, le mat\u00e9riel stock\u00e9 est stock\u00e9 en serre ou sous b\u00e2che, il est grand temps pour nous d&rsquo;enfin pouvoir accueillir toutes nos activit\u00e9s dans du dur pour palier aux surprises climatiques de la r\u00e9gion \ud83d\ude42 !<\/li>\n<\/ol>\n\n\n\n<p><em>Concr\u00e8tement, on souhaite construire:<\/em><\/p>\n\n\n\n<ol class=\"wp-block-list\">\n<li>Dans un premier temps, <strong>une maison collective<\/strong> : salle polyvalente, \u00e9picerie, un grand espace collectif avec cuisine, de l&rsquo;h\u00e9bergement, une salle polyvalente ( cours de yoga, th\u00e9\u00e2tre, danse, conf\u00e9rences, projections etc)<\/li>\n\n\n\n<li>Plus tard, <strong>un grand hangar agricole<\/strong> avec serre semi-enterr\u00e9e : stockage de mat\u00e9riel, ateliers etc.<\/li>\n<\/ol>\n\n\n\n<p>Avec Julien, coordinateur des chantiers \u00e0 venir, nous allons construire un max par nous m\u00eame avec des mat\u00e9riaux locaux, privil\u00e9gier la r\u00e9cup et encourager plein d&rsquo;\u00e9changes et de rencontres gr\u00e2ce aux chantiers participatifs. d&rsquo;auto-construction (ossature bois, terre-paille etc)<\/p>\n\n\n\n<p>Pour avoir un aper\u00e7u de l&rsquo;\u00e9volution du projet, <a href=\"http:\/\/whttp:\/\/ancien.foretdeluhan.be\/index.php\/ligne-du-temps\/\" target=\"_blank\" rel=\"noreferrer noopener\">cliquez ici <\/a><\/p>\n\n\n\n<p>Pour construire la maison collective, il nous manque actuellement 150.000 sur un budget total de 400.000 euros. C&rsquo;est pourquoi nous lan\u00e7ons une campagne de financement participatif du 30 avril au 30 septembre! <strong>Cette campagne est soutenue par la Fondation Roi Baudoin. Tout don \u00e0 partir de 40 euros \/ an, fait \u00e0 la fondation Roi Baudoin pour le compte de projet de la For\u00eat de Luhan,  b\u00e9n\u00e9ficie d&rsquo;une r\u00e9duction d&rsquo;imp\u00f4t de 45% du montant vers\u00e9.<\/strong> <\/p>\n\n\n\n<p>Au plaisir de vous accueillir, rencontrer, ou de vous revoir \u00e0 la For\u00eat de Luhan! <\/p>\n\n\n\n<p><strong>Milles mercis! <\/strong><\/p>\n\n\n\n<figure class=\"wp-block-image size-large\"><img loading=\"lazy\" decoding=\"async\" width=\"1024\" height=\"473\" src=\"http:\/\/ancien.foretdeluhan.be\/wp-content\/uploads\/2023\/05\/97x210mm_carton_invitation_Luhan-1024x473.jpg\" alt=\"\" class=\"wp-image-3608\" srcset=\"https:\/\/ancien.foretdeluhan.be\/wp-content\/uploads\/2023\/05\/97x210mm_carton_invitation_Luhan-1024x473.jpg 1024w, https:\/\/ancien.foretdeluhan.be\/wp-content\/uploads\/2023\/05\/97x210mm_carton_invitation_Luhan-300x139.jpg 300w, https:\/\/ancien.foretdeluhan.be\/wp-content\/uploads\/2023\/05\/97x210mm_carton_invitation_Luhan-768x355.jpg 768w, https:\/\/ancien.foretdeluhan.be\/wp-content\/uploads\/2023\/05\/97x210mm_carton_invitation_Luhan-1536x710.jpg 1536w, https:\/\/ancien.foretdeluhan.be\/wp-content\/uploads\/2023\/05\/97x210mm_carton_invitation_Luhan-2048x946.jpg 2048w\" sizes=\"auto, (max-width: 1024px) 100vw, 1024px\" \/><\/figure>\n","protected":false},"excerpt":{"rendered":"<p>Plus d&rsquo;infos sur le projet? Le projet d&rsquo;\u00e9co-lieu de la For\u00eat de Luhan est un partenariat entre 2 structures : 1) Une fondation priv\u00e9e \u00ab\u00a0For\u00eat de Luhan\u00a0\u00bb, propri\u00e9taire de l&rsquo;ensemble du patrimoine de l&rsquo;\u00e9co-lieu. La fondation permet de p\u00e9renniser le &hellip; <a href=\"https:\/\/ancien.foretdeluhan.be\/index.php\/campagne-de-financement-participatif-2\/\">Continuer la lecture <span class=\"meta-nav\">&rarr;<\/span><\/a><\/p>\n","protected":false},"author":1,"featured_media":0,"parent":0,"menu_order":0,"comment_status":"closed","ping_status":"closed","template":"onecolumn-page.php","meta":{"footnotes":""},"class_list":["post-3490","page","type-page","status-publish","hentry"],"jetpack_sharing_enabled":true,"jetpack_shortlink":"https:\/\/wp.me\/PgzmLv-Ui","post_mailing_queue_ids":[],"_links":{"self":[{"href":"https:\/\/ancien.foretdeluhan.be\/index.php\/wp-json\/wp\/v2\/pages\/3490","targetHints":{"allow":["GET"]}}],"collection":[{"href":"https:\/\/ancien.foretdeluhan.be\/index.php\/wp-json\/wp\/v2\/pages"}],"about":[{"href":"https:\/\/ancien.foretdeluhan.be\/index.php\/wp-json\/wp\/v2\/types\/page"}],"author":[{"embeddable":true,"href":"https:\/\/ancien.foretdeluhan.be\/index.php\/wp-json\/wp\/v2\/users\/1"}],"replies":[{"embeddable":true,"href":"https:\/\/ancien.foretdeluhan.be\/index.php\/wp-json\/wp\/v2\/comments?post=3490"}],"version-history":[{"count":18,"href":"https:\/\/ancien.foretdeluhan.be\/index.php\/wp-json\/wp\/v2\/pages\/3490\/revisions"}],"predecessor-version":[{"id":3698,"href":"https:\/\/ancien.foretdeluhan.be\/index.php\/wp-json\/wp\/v2\/pages\/3490\/revisions\/3698"}],"wp:attachment":[{"href":"https:\/\/ancien.foretdeluhan.be\/index.php\/wp-json\/wp\/v2\/media?parent=3490"}],"curies":[{"name":"wp","href":"https:\/\/api.w.org\/{rel}","templated":true}]}}