{"id":3544,"date":"2023-04-21T07:53:16","date_gmt":"2023-04-21T05:53:16","guid":{"rendered":"http:\/\/ancien.foretdeluhan.be\/?page_id=3544"},"modified":"2023-05-16T07:14:35","modified_gmt":"2023-05-16T05:14:35","slug":"ateliers-groupes-de-reflexion-sensibilisation-et-conferences","status":"publish","type":"page","link":"https:\/\/ancien.foretdeluhan.be\/index.php\/ateliers-groupes-de-reflexion-sensibilisation-et-conferences\/","title":{"rendered":"Ateliers, groupes de r\u00e9flexion, sensibilisation et conf\u00e9rences"},"content":{"rendered":"\n<p class=\"has-medium-font-size\"><strong>Ecriture &amp; mouvements 3 ateliers <\/strong><\/p>\n\n\n\n<p>Ecritures permacoles &amp; mouvements ou comment explorer sa cr\u00e9ativit\u00e9 par l\u2019\u00e9criture et la danse intuitive &amp; consciente en explorant des principes de la permaculture. Cet art de vivre et d\u2019envisager les liens du vivant invite chacun \u00e0 cultiver dans son \u00e9criture et sa danse son propre terreau, sa diversit\u00e9, son autonomie durable et r\u00e9siliente. 3 ateliers \u00e0 suivre successivement ou s\u00e9par\u00e9ment.<strong><\/strong><\/p>\n\n\n\n<p>Elisabeth Joachim, animatrice d\u2019ateliers d\u2019\u00e9criture, d\u2019\u00e9criture &amp; mouvements, et de voyages dans\u00e9s racont\u00e9s \u00e0 \u00e9crire, po\u00e9tesse, ancienne slameuse, amoureuse autodidacte des plantes, notamment.<strong><\/strong><\/p>\n\n\n\n<p><strong><em>Infos pratiques<\/em><\/strong><\/p>\n\n\n\n<p>Les 6,20 mai et 10 juin 2023<\/p>\n\n\n\n<p>De 14h \u00e0 17h \u00e0 la for\u00eat de Luhan&nbsp;&nbsp;<\/p>\n\n\n\n<p>PAF&nbsp;: 40 euros (prix solidaire 30 euros)<\/p>\n\n\n\n<p>Inscriptions au plus tard 24h avant l\u2019atelier \u00e0&nbsp;<a href=\"mailto:foretdeluhan@disroot.org\">foretdeluhan@disroot.org<\/a><\/p>\n\n\n\n<p><\/p>\n\n\n\n<p class=\"has-medium-font-size\"><strong>Arpentage \u00ab&nbsp;Le conflit n\u2019est pas une agression&nbsp;\u00bb <\/strong><\/p>\n\n\n\n<p>Le conflit n\u2019est pas une agression est un virulent plaidoyer contre le ph\u00e9nom\u00e8ne culturel de l\u2019accusation, r\u00e9v\u00e9lant combien les personnes en situation de pouvoir exacerbent et manipulent la crainte de l\u2019\u00ab autre \u00bb pour \u00e9viter toute remise en question.<\/p>\n\n\n\n<p>R\u00e9fl\u00e9chissons collectivement au conflit et aux injustices autour de nous, en arpentant collectivement cet ouvrage de Sarah Schulman.<\/p>\n\n\n\n<p>&nbsp;L\u2019arpentage est une m\u00e9thode de d\u00e9couverte \u00e0 plusieurs d\u2019un ouvrage, en vue de son appropriation critique, pour nourrir l\u2019articulation entre pratique et th\u00e9orie. C\u2019est donc une technique d\u2019auto-\u00e9mancipation gr\u00e2ce \u00e0 laquelle un collectif peut s\u2019apprendre, mutuellement.<\/p>\n\n\n\n<p><strong><em>Infos pratiques&nbsp;:<\/em><\/strong><\/p>\n\n\n\n<p>le 8 mai de 17h45 \u00e0 21h30.<\/p>\n\n\n\n<p>De 18h \u00e0 21h<\/p>\n\n\n\n<p>Auberge espagnole<\/p>\n\n\n\n<p>Inscriptions \u00e0&nbsp;<a href=\"mailto:foretdeluhan@disroot.org\">foretdeluhan@disroot.org<\/a><\/p>\n","protected":false},"excerpt":{"rendered":"<p>Ecriture &amp; mouvements 3 ateliers Ecritures permacoles &amp; mouvements ou comment explorer sa cr\u00e9ativit\u00e9 par l\u2019\u00e9criture et la danse intuitive &amp; consciente en explorant des principes de la permaculture. Cet art de vivre et d\u2019envisager les liens du vivant invite &hellip; <a href=\"https:\/\/ancien.foretdeluhan.be\/index.php\/ateliers-groupes-de-reflexion-sensibilisation-et-conferences\/\">Continuer la lecture <span class=\"meta-nav\">&rarr;<\/span><\/a><\/p>\n","protected":false},"author":1,"featured_media":3198,"parent":0,"menu_order":0,"comment_status":"closed","ping_status":"closed","template":"onecolumn-page.php","meta":{"footnotes":""},"class_list":["post-3544","page","type-page","status-publish","has-post-thumbnail","hentry"],"jetpack_sharing_enabled":true,"jetpack_shortlink":"https:\/\/wp.me\/PgzmLv-Va","post_mailing_queue_ids":[],"_links":{"self":[{"href":"https:\/\/ancien.foretdeluhan.be\/index.php\/wp-json\/wp\/v2\/pages\/3544","targetHints":{"allow":["GET"]}}],"collection":[{"href":"https:\/\/ancien.foretdeluhan.be\/index.php\/wp-json\/wp\/v2\/pages"}],"about":[{"href":"https:\/\/ancien.foretdeluhan.be\/index.php\/wp-json\/wp\/v2\/types\/page"}],"author":[{"embeddable":true,"href":"https:\/\/ancien.foretdeluhan.be\/index.php\/wp-json\/wp\/v2\/users\/1"}],"replies":[{"embeddable":true,"href":"https:\/\/ancien.foretdeluhan.be\/index.php\/wp-json\/wp\/v2\/comments?post=3544"}],"version-history":[{"count":2,"href":"https:\/\/ancien.foretdeluhan.be\/index.php\/wp-json\/wp\/v2\/pages\/3544\/revisions"}],"predecessor-version":[{"id":3626,"href":"https:\/\/ancien.foretdeluhan.be\/index.php\/wp-json\/wp\/v2\/pages\/3544\/revisions\/3626"}],"wp:featuredmedia":[{"embeddable":true,"href":"https:\/\/ancien.foretdeluhan.be\/index.php\/wp-json\/wp\/v2\/media\/3198"}],"wp:attachment":[{"href":"https:\/\/ancien.foretdeluhan.be\/index.php\/wp-json\/wp\/v2\/media?parent=3544"}],"curies":[{"name":"wp","href":"https:\/\/api.w.org\/{rel}","templated":true}]}}