{"id":4025,"date":"2023-10-23T16:29:51","date_gmt":"2023-10-23T14:29:51","guid":{"rendered":"http:\/\/ancien.foretdeluhan.be\/?page_id=4025"},"modified":"2023-12-21T15:24:01","modified_gmt":"2023-12-21T14:24:01","slug":"composition-des-paniers-semaine-apres-semaine","status":"publish","type":"page","link":"https:\/\/ancien.foretdeluhan.be\/index.php\/presentation\/les-projets\/composition-des-paniers-semaine-apres-semaine\/","title":{"rendered":"Composition des paniers semaine apr\u00e8s semaine"},"content":{"rendered":"\n<p class=\"has-blue-color has-text-color has-medium-font-size\">Semaine 2 \u2013 21\/22 mars<\/p>\n\n\n\n<ul class=\"wp-block-list\">\n<li>1 Botte de jeunes bettes<\/li>\n\n\n\n<li>1 botte d&rsquo;aillet (n&rsquo;oubliez pas de les couper mettre au congel si c&rsquo;est trop!)<\/li>\n\n\n\n<li>1 petite botte de roquette<\/li>\n\n\n\n<li>500gr d&rsquo;\u00e9chalottes<\/li>\n\n\n\n<li>1 kg de carottes couleur (de chez Olivier Lemaire, bio)<\/li>\n<\/ul>\n\n\n\n<p class=\"has-blue-color has-text-color has-medium-font-size\">Semaine 3 \u2013 28\/29 mars<\/p>\n\n\n\n<ul class=\"wp-block-list\">\n<li>1 botte d&rsquo;aillet (n&rsquo;oubliez pas que tout se mange et se cong\u00e8le!)<\/li>\n\n\n\n<li>1 sachet de Cresson (partage de la r\u00e9colte)<\/li>\n\n\n\n<li>1 sachet de Pourpier (partage de la r\u00e9colte)<\/li>\n\n\n\n<li>1 C\u00e9leri rave (Origine : Bio lemaire, Li\u00e8ge)&nbsp;<\/li>\n\n\n\n<li>1 kg de patates fermes (Origine : Greg \u00e0 la patate, Li\u00e8ge)<\/li>\n<\/ul>\n\n\n\n<p class=\"has-blue-color has-text-color has-medium-font-size\">Semaine 4 &#8211;&nbsp;&nbsp;4\/5 avril<\/p>\n\n\n\n<ul class=\"wp-block-list\">\n<li>2 choux chinois pakchoy<\/li>\n\n\n\n<li>1 botte d&rsquo;aillet<\/li>\n\n\n\n<li>1 sachet de mizuna (salade asiatique l\u00e9g\u00e8rement piquante pour agr\u00e9menter vos salades)<\/li>\n\n\n\n<li>1 sachet de cerfeuil (probablement un peu plus gros qu&rsquo;il y a 3 semaines)&nbsp;<\/li>\n\n\n\n<li>1 verdure ou un l\u00e9gume surprise selon la r\u00e9colte (soit roquette, soit persil plat, soit bettes)<\/li>\n<\/ul>\n\n\n\n<p class=\"has-blue-color has-text-color has-medium-font-size\">Semaine 5 \u2013 11\/12 avril&nbsp;&nbsp;&nbsp;&nbsp;&nbsp;<\/p>\n\n\n\n<ul class=\"wp-block-list\">\n<li>1 chou chinois pe tsai&nbsp;<\/li>\n\n\n\n<li>1 botte de jeunes navets ou de la roquette<\/li>\n\n\n\n<li>1 sachet de pourpier<\/li>\n\n\n\n<li>500gr de carottes<\/li>\n\n\n\n<li>1 panais<\/li>\n\n\n\n<li>500gr d&rsquo;oignons<\/li>\n<\/ul>\n\n\n\n<p class=\"has-blue-color has-text-color has-medium-font-size\">Semaine 6 \u2013 18\/19 avril<\/p>\n\n\n\n<ul class=\"wp-block-list\">\n<li>un panais,&nbsp;<\/li>\n\n\n\n<li>un chou chinois&nbsp;<\/li>\n\n\n\n<li>du mesclun asiatique<\/li>\n\n\n\n<li>Du cerfeuil<\/li>\n\n\n\n<li>De la m\u00e2che<\/li>\n<\/ul>\n\n\n\n<p class=\"has-blue-color has-text-color has-medium-font-size\">Semaine 7 \u2013 25\/26 avril<\/p>\n\n\n\n<ul class=\"wp-block-list\">\n<li>Une botte de bettes<\/li>\n\n\n\n<li>1 laitue verte<\/li>\n\n\n\n<li>500gr de carottes de couleur<\/li>\n\n\n\n<li>1 botte d&rsquo;aillet<\/li>\n\n\n\n<li>1 botte de radis OU 1 botte de navets<\/li>\n\n\n\n<li>1 botte de roquette OU 1 botte de persil<\/li>\n<\/ul>\n\n\n\n<p class=\"has-blue-color has-text-color has-medium-font-size\">Semaine 8 &#8211; 2\/3 mai<\/p>\n\n\n\n<ul class=\"wp-block-list\">\n<li>1 petit fenouil (\u00e0 croquer pour l&rsquo;ap\u00e9ro ou gardnir iun poisson)<\/li>\n\n\n\n<li>1 chou rave (\u00e0 croquer pour l&rsquo;ap\u00e9ro en petits batonnets)<\/li>\n\n\n\n<li>1 grosse botte de navets (pour l&rsquo;ap\u00e9ro et les fanes pour les soupes)<\/li>\n\n\n\n<li>1 botte de radis (idem)<\/li>\n\n\n\n<li>2 aillets<\/li>\n<\/ul>\n\n\n\n<p class=\"has-blue-color has-text-color has-medium-font-size\">Semaine 9 \u2013 9\/10 mai<\/p>\n\n\n\n<ul class=\"wp-block-list\">\n<li>250gr d&rsquo;asperges blanches (prov. Aux d\u00e9lices du terroir, magasin bio \u00e0 Werbomont)<\/li>\n\n\n\n<li>500gr de carottes oranges (idem)<\/li>\n\n\n\n<li>1 botte de navets<\/li>\n\n\n\n<li>mesclun ou laitue<\/li>\n\n\n\n<li>cerfeuil ou cresson<\/li>\n\n\n\n<li>La derni\u00e8re des bottes d&rsquo;aillet<\/li>\n<\/ul>\n\n\n\n<p class=\"has-blue-color has-text-color has-medium-font-size\">Semaine 10 \u2013 16\/17 mai<\/p>\n\n\n\n<ul class=\"wp-block-list\">\n<li>100gr d&rsquo;\u00e9pinards \u00e0 grandes feuilles&nbsp;<\/li>\n\n\n\n<li>500gr de patates \u00e0 chaire fermes (aux d\u00e9lices du terroir)<\/li>\n\n\n\n<li>un sachet de cerfeuil<\/li>\n\n\n\n<li>1 laitue<\/li>\n\n\n\n<li>1 botte de ciboule (comme de la ciboulette, mais le petit bulbe se mange aussi)<\/li>\n\n\n\n<li>500gr de poireaux<\/li>\n<\/ul>\n\n\n\n<p class=\"has-blue-color has-text-color has-medium-font-size\">Semaine 11 \u2013 23\/24 mai<\/p>\n\n\n\n<ul class=\"wp-block-list\">\n<li>100gr d&rsquo;\u00e9pinards \u00e0 grandes feuilles<\/li>\n\n\n\n<li>1 botte de bettes<\/li>\n\n\n\n<li>un sachet de cerfeuil<\/li>\n\n\n\n<li>1 sachet de mesclun<\/li>\n\n\n\n<li>1 botte de ciboule (comme de la ciboulette, mais le petit bulbe se mange aussi)<\/li>\n\n\n\n<li>1 sachet de petits pois<\/li>\n<\/ul>\n\n\n\n<p class=\"has-blue-color has-text-color has-medium-font-size\">Semaine 12 \u2013 30\/31 mai<\/p>\n\n\n\n<ul class=\"wp-block-list\">\n<li>Une botte de jeunes oignons,<\/li>\n\n\n\n<li>Laitue ou mesclun<\/li>\n\n\n\n<li>Petits pois (mange tout ou a \u00e9cosser selon l&rsquo;\u00e9tat)<\/li>\n\n\n\n<li>Carottes (prov. Aux d\u00e9lices du terroir)<\/li>\n\n\n\n<li>Betteraves rouges (prov. Aux d\u00e9lices du terroir)<\/li>\n\n\n\n<li>un autre l\u00e9gume surprise selon ce qui m&rsquo;apparaitra&nbsp;<img loading=\"lazy\" decoding=\"async\" width=\"16\" height=\"16\" src=\"blob:http:\/\/ancien.foretdeluhan.be\/4b0442aa-9d10-4655-8c85-9f6566a7bf96\" alt=\"\ud83d\ude03\"><\/li>\n<\/ul>\n\n\n\n<p class=\"has-blue-color has-text-color has-medium-font-size\">Semaine 13 &#8211; 06\/07 juin<\/p>\n\n\n\n<p>Donn\u00e9es absentes<\/p>\n\n\n\n<p class=\"has-blue-color has-text-color has-medium-font-size\">Semaine 14 &#8211; 13\/14 juin<\/p>\n\n\n\n<p>Donn\u00e9es absentes<\/p>\n\n\n\n<p class=\"has-blue-color has-text-color has-medium-font-size\">Semaine 15 \u2013 20\/21 juin&nbsp;<\/p>\n\n\n\n<ul class=\"wp-block-list\">\n<li>Pommes de terre grenaille<\/li>\n\n\n\n<li>Une botte de persil<\/li>\n\n\n\n<li>Jeunes oignons<\/li>\n\n\n\n<li>Laitue<\/li>\n\n\n\n<li>1 concombre<\/li>\n\n\n\n<li>+\/- 200gr de petits pois<\/li>\n<\/ul>\n\n\n\n<p class=\"has-blue-color has-text-color has-medium-font-size\">Semaine 16 \u2013 27\/28 juin<\/p>\n\n\n\n<ul class=\"wp-block-list\">\n<li>1&nbsp;botte de bettes<\/li>\n\n\n\n<li>400gr f\u00eaves des marais<\/li>\n\n\n\n<li>1 petite botte de c\u00e9leri branche<\/li>\n\n\n\n<li>1 petite laitue<\/li>\n\n\n\n<li>1 chou rave<\/li>\n\n\n\n<li>1 courgette<\/li>\n\n\n\n<li>1 concombre<\/li>\n<\/ul>\n\n\n\n<p class=\"has-blue-color has-text-color has-medium-font-size\">Semaine 17 \u2013 4\/5 juillet<\/p>\n\n\n\n<ul class=\"wp-block-list\">\n<li>Une, deux ou trois tomate selon la r\u00e9colte<\/li>\n\n\n\n<li>Une aubergine<\/li>\n\n\n\n<li>Une courgette<\/li>\n\n\n\n<li>Une laitue<\/li>\n\n\n\n<li>Un fenouil<\/li>\n\n\n\n<li>Une botte de c\u00e9leri feuille<\/li>\n\n\n\n<li>Une botte de ciboule<\/li>\n<\/ul>\n\n\n\n<p class=\"has-blue-color has-text-color has-medium-font-size\">Semaine 18 \u2013 11\/12 juillet<\/p>\n\n\n\n<ul class=\"wp-block-list\">\n<li>1 gros kg de tomates<\/li>\n\n\n\n<li>1 botte de ciboules<\/li>\n\n\n\n<li>2 fenouil (m\u00eame s\u2019il y a dedans des petits, je demande de n\u2019en mettre que deux)<\/li>\n\n\n\n<li>1 aubergine<\/li>\n\n\n\n<li>1 courgette<\/li>\n\n\n\n<li>1 botte de bettes.<\/li>\n<\/ul>\n\n\n\n<p class=\"has-blue-color has-text-color has-medium-font-size\">Semaine 19 \u2013 18\/19 juillet<\/p>\n\n\n\n<ul class=\"wp-block-list\">\n<li>1,5kg de tomates<\/li>\n\n\n\n<li>1 courgette<\/li>\n\n\n\n<li>1 aubergine<\/li>\n\n\n\n<li>1 fenouil ou 1 concombre<\/li>\n\n\n\n<li>1 petit poivron vert<\/li>\n\n\n\n<li>1 botte de persil<\/li>\n<\/ul>\n\n\n\n<p class=\"has-blue-color has-text-color has-medium-font-size\">Semaine 20 \u2013 25\/26 juillet<\/p>\n\n\n\n<ul class=\"wp-block-list\">\n<li>1,5kg de tomates<\/li>\n\n\n\n<li>1 courgette<\/li>\n\n\n\n<li>1 aubergine<\/li>\n\n\n\n<li>1 fenouil ou 1 concombre<\/li>\n\n\n\n<li>1 petit poivron vert<\/li>\n\n\n\n<li>1 botte de persil<\/li>\n<\/ul>\n\n\n\n<p class=\"has-blue-color has-text-color has-medium-font-size\">Semaine 21 \u2013 1<sup>er<\/sup>&nbsp;\/ 2 aout<\/p>\n\n\n\n<ul class=\"wp-block-list\">\n<li>Des tomates<\/li>\n\n\n\n<li>1 aubergine<\/li>\n\n\n\n<li>1 petite botte de carottes (je viens de d\u00e9couvrir les premiers beaux sp\u00e9cimens&nbsp;<img loading=\"lazy\" decoding=\"async\" width=\"16\" height=\"16\" src=\"blob:http:\/\/ancien.foretdeluhan.be\/4b0442aa-9d10-4655-8c85-9f6566a7bf96\" alt=\"\ud83d\ude03\">)<\/li>\n\n\n\n<li>1 courgette<\/li>\n\n\n\n<li>du persil fris\u00e9 (en vrac)<\/li>\n\n\n\n<li>1 botte de bettes<\/li>\n<\/ul>\n\n\n\n<p class=\"has-blue-color has-text-color has-medium-font-size\">Semaine 22 \u2013 8\/9 ao\u00fbt<\/p>\n\n\n\n<ul class=\"wp-block-list\">\n<li>+\/- 800gr de tomates (certaines m\u00e9riteront d&rsquo;attendre jeudi pour \u00eatre bien mures.&nbsp;<\/li>\n\n\n\n<li>une botte de belles carottes<\/li>\n\n\n\n<li>100gr de tomates cerises<\/li>\n\n\n\n<li>100gr de haricots<\/li>\n\n\n\n<li>1 poivron<\/li>\n\n\n\n<li>1 concombre&nbsp;<\/li>\n\n\n\n<li>Du persil fris\u00e9<\/li>\n<\/ul>\n\n\n\n<p class=\"has-blue-color has-text-color has-medium-font-size\">Semaine 23 \u2013 15\/16 aout<\/p>\n\n\n\n<ul class=\"wp-block-list\">\n<li>1 aubergine<\/li>\n\n\n\n<li>Des tomates<\/li>\n\n\n\n<li>1 botte de jeunes poireaux<\/li>\n\n\n\n<li>1 courge spaggheti<\/li>\n\n\n\n<li>Du mesclun<\/li>\n\n\n\n<li>1 botte de jeunes navets<\/li>\n<\/ul>\n\n\n\n<p class=\"has-blue-color has-text-color has-medium-font-size\">Semaine 24&nbsp;&nbsp;&#8211; 22\/23 aout&nbsp;<\/p>\n\n\n\n<ul class=\"wp-block-list\">\n<li>Tomate,&nbsp;<\/li>\n\n\n\n<li>1 aubergine,&nbsp;<\/li>\n\n\n\n<li>1 concombre,&nbsp;<\/li>\n\n\n\n<li>des haricots,&nbsp;<\/li>\n\n\n\n<li>des navets,&nbsp;<\/li>\n\n\n\n<li>une botte de bettes!<\/li>\n<\/ul>\n\n\n\n<p class=\"has-blue-color has-text-color has-medium-font-size\">Semaine 25 \u2013 29\/30 aout<\/p>\n\n\n\n<ul class=\"wp-block-list\">\n<li>&#8211; Haricots<\/li>\n\n\n\n<li>&#8211; tomates<\/li>\n\n\n\n<li>&#8211; 1 poivron<\/li>\n\n\n\n<li>&#8211; 1 sachet de mesclun<\/li>\n\n\n\n<li>&#8211; 1 botte de ciboule<\/li>\n\n\n\n<li>&#8211; quelques patates fermes du jardin&nbsp;<\/li>\n<\/ul>\n\n\n\n<p class=\"has-blue-color has-text-color has-medium-font-size\">Semaine 26 \u2013 5\/6 septembre<\/p>\n\n\n\n<ul class=\"wp-block-list\">\n<li>1 potimarron<\/li>\n\n\n\n<li>Qq tomates (\u00e7a ne m\u00fbrit plus tr\u00e8s vite)<\/li>\n\n\n\n<li>Une botte de carottes<\/li>\n\n\n\n<li>1 c\u00e9leri rave<\/li>\n\n\n\n<li>1 laitue<\/li>\n\n\n\n<li>Des haricots<\/li>\n<\/ul>\n\n\n\n<p class=\"has-blue-color has-text-color has-medium-font-size\">Semaine 27 \u2013 12\/13 septembre<\/p>\n\n\n\n<ul class=\"wp-block-list\">\n<li>Bettes<\/li>\n\n\n\n<li>Tomates<\/li>\n\n\n\n<li>Mesclun<\/li>\n\n\n\n<li>Ciboule<\/li>\n\n\n\n<li>Concombre<\/li>\n\n\n\n<li>Carottes<\/li>\n<\/ul>\n\n\n\n<p class=\"has-blue-color has-text-color has-medium-font-size\">Semaine 28 \u2013 19\/20 septembre<\/p>\n\n\n\n<ul class=\"wp-block-list\">\n<li>&#8211; tomates<\/li>\n\n\n\n<li>&#8211; haricots<\/li>\n\n\n\n<li>&#8211; chou pointu<\/li>\n\n\n\n<li>&#8211; mesclun<\/li>\n\n\n\n<li>&#8211; poivron<\/li>\n\n\n\n<li>&#8211; p\u00e2tisson !<\/li>\n<\/ul>\n\n\n\n<p class=\"has-blue-color has-text-color has-medium-font-size\">Semaine 29 \u2013 26\/27 septembre&nbsp;<\/p>\n\n\n\n<ul class=\"wp-block-list\">\n<li>1 courge butternut<\/li>\n\n\n\n<li>1 chou fris\u00e9 de milan&nbsp;<\/li>\n\n\n\n<li>1 botte de carottes<\/li>\n\n\n\n<li>1 botte de persil plat<\/li>\n\n\n\n<li>des tomates<\/li>\n\n\n\n<li>1 botte de ciboule<\/li>\n<\/ul>\n\n\n\n<p class=\"has-blue-color has-text-color has-medium-font-size\">Semaine 30 \u2013 3<sup>\u00e8me<\/sup>&nbsp;\/ 4<sup>\u00e8me<\/sup>&nbsp;octobre<\/p>\n\n\n\n<ul class=\"wp-block-list\">\n<li>1 patisson<\/li>\n\n\n\n<li>1 botte de radis<\/li>\n\n\n\n<li>1 botte de bettes (y&rsquo;en a encore trop)<\/li>\n\n\n\n<li>1 poireau<\/li>\n\n\n\n<li>1 scarole<\/li>\n\n\n\n<li>1-2 ou 3 tomates (c&rsquo;est la fin)&nbsp;<\/li>\n<\/ul>\n\n\n\n<p class=\"has-blue-color has-text-color has-medium-font-size\">Semaine 31 \u2013 10 \/ 11 octobre<\/p>\n\n\n\n<ul class=\"wp-block-list\">\n<li>1 courge&nbsp;<\/li>\n\n\n\n<li>1 c\u00e9leri rave<\/li>\n\n\n\n<li>1 botte de bettes<\/li>\n\n\n\n<li>1 botte de radis&nbsp;<\/li>\n\n\n\n<li>de la m\u00e2che\/salade de bl\u00e9<\/li>\n\n\n\n<li>1 aubergine<\/li>\n\n\n\n<li>1 laitue ou du mesclun<\/li>\n<\/ul>\n\n\n\n<p class=\"has-blue-color has-text-color has-medium-font-size\">Semaine 32 \u2013 17\/18 octobre<\/p>\n\n\n\n<ul class=\"wp-block-list\">\n<li>1 potimarron rouge ou un vert \u00ab\u00a0Green hokaido\u00a0\u00bb<\/li>\n\n\n\n<li>1 scarole ou une fris\u00e9e<\/li>\n\n\n\n<li>1 botte de radis<\/li>\n\n\n\n<li>1 chou chinois<\/li>\n\n\n\n<li>1 aubergine<\/li>\n\n\n\n<li>1 poivron<\/li>\n<\/ul>\n\n\n\n<p class=\"has-blue-color has-text-color has-medium-font-size\">Semaine 33 \u2013 24\/25 octobre<\/p>\n\n\n\n<ul class=\"wp-block-list\">\n<li>1 courge<\/li>\n\n\n\n<li>1 botte de betteraves<\/li>\n\n\n\n<li>1 chou rave<\/li>\n\n\n\n<li>1 chicor\u00e9e<\/li>\n\n\n\n<li>1 laitue<\/li>\n\n\n\n<li>de la m\u00e2che<\/li>\n<\/ul>\n\n\n\n<p class=\"has-blue-color has-text-color has-medium-font-size\">Semaine 34 \u2013 31\/1 novembre<\/p>\n\n\n\n<ul class=\"wp-block-list\">\n<li>1 courge<\/li>\n\n\n\n<li>1 laitue<\/li>\n\n\n\n<li>des poireaux<\/li>\n\n\n\n<li>1 botte de bettes ou des betteraves<\/li>\n\n\n\n<li>du mesclun asiatique (a po\u00ealer ou en salade)<\/li>\n<\/ul>\n\n\n\n<p class=\"has-blue-color has-text-color has-medium-font-size\">Semaine 35 \u2013 7\/8 novembre<\/p>\n\n\n\n<ul class=\"wp-block-list\">\n<li>Roquette<\/li>\n\n\n\n<li>Chou noir de Toscane<\/li>\n\n\n\n<li>Salade de bl\u00e9<\/li>\n\n\n\n<li>1kg de Carottes (prov. Bio Lemaire, Verlaine)<\/li>\n\n\n\n<li>700gr d&rsquo;Oignons jaunes (idem)<\/li>\n<\/ul>\n\n\n\n<p class=\"has-blue-color has-text-color has-medium-font-size\">Semaine 36 \u2013 14\/15 novembre<\/p>\n\n\n\n<ul class=\"wp-block-list\">\n<li> du mesclun classique<\/li>\n\n\n\n<li>de la salade de bl\u00e9<\/li>\n\n\n\n<li>un peu de cerfeuil ou du pourpier d&rsquo;hiver<\/li>\n\n\n\n<li>des poireau, (prov. Les pieds verts a lierneux)<\/li>\n\n\n\n<li>un ou deux fenouil (idem)<\/li>\n<\/ul>\n\n\n\n<p class=\"has-blue-color has-text-color has-medium-font-size\">Semaine 37 &#8211; 21\/22 novembre<\/p>\n\n\n\n<ul class=\"wp-block-list\">\n<li>500gr de pommes de terre (Prov. Li\u00e8ge a la Patate)<\/li>\n\n\n\n<li><a href=\"https:\/\/www.facebook.com\/Mesclun-112384272107570\/?__cft__[0]=AZXNRbCeS2beNubgm80Lvh0qHn5UHx3dO7vweqMg3X3NHD209pLztwYY5WmeOtJ3J5sDhgxzDRhYX5KGTvKJvAiSh8HCTe2QOFT1TF4x6hsyPU9qMBa4mblVHigPy1Pdik0FBhjoH3rII9_Lna3fTyde01u5TmmcpF7sDLEgvfezRAn07jktzwO1vGqsy2cD14E&amp;__tn__=kK-R\">Mesclun<\/a><\/li>\n\n\n\n<li>500gr de panais (Prov. Bio lemaire)<\/li>\n\n\n\n<li>1 c\u00e9leri rave (Prov. Bio lemaire)<\/li>\n\n\n\n<li>du cresson<\/li>\n\n\n\n<li>du cerfeuil<\/li>\n<\/ul>\n\n\n\n<p class=\"has-blue-color has-text-color has-medium-font-size\">Semaine 38 \u2013 28\/29 novembre<\/p>\n\n\n\n<ul class=\"wp-block-list\">\n<li>Deux oranges,<\/li>\n\n\n\n<li>1 petit potimarron,<\/li>\n\n\n\n<li>1 chou rouge,<\/li>\n\n\n\n<li>du mesclun<\/li>\n\n\n\n<li>de la ciboule<\/li>\n\n\n\n<li>1 autre l\u00e9gume feuille selon la dispo au jardin<\/li>\n<\/ul>\n\n\n\n<p class=\"has-blue-color has-text-color has-medium-font-size\">Semaine 39 \u2013 5\/6 d\u00e9cembre<\/p>\n\n\n\n<ul class=\"wp-block-list\">\n<li>100gr de verdure (principalement de la salade de bl\u00e9 mais peut-\u00eatre une autre \u00e0 la place, selon ce qui aura surv\u00e9cu&nbsp;<img loading=\"lazy\" decoding=\"async\" height=\"16\" width=\"16\" alt=\"\ud83d\ude03\" src=\"https:\/\/static.xx.fbcdn.net\/images\/emoji.php\/v9\/tf0\/2\/16\/1f603.png\">)<\/li>\n\n\n\n<li>500gr de Patates douces (Prov: Biolemaire)<\/li>\n\n\n\n<li>1 kg de carottes (Prov: Biolemaire)<\/li>\n\n\n\n<li>500gr de persil tub\u00e9reux (Prov: Biolemaire)<\/li>\n\n\n\n<li>500gr de pommes de terre (Prov: Biolemaire)<\/li>\n\n\n\n<li>2 oranges (Prov: Coop. bio de Sicile)<\/li>\n<\/ul>\n\n\n\n<p class=\"has-blue-color has-text-color has-medium-font-size\">Semaine 40\u00a0\u00a0&#8211; 12\/13 d\u00e9cembre<\/p>\n\n\n\n<ul class=\"wp-block-list\">\n<li>1 rutabaga (et oui! mais pas de bouillon gras!) (Prov. Les pieds verts, Lierneux)<\/li>\n\n\n\n<li>Des betteraves (Idem)<\/li>\n\n\n\n<li>une botte de mini choux kale (du jardin)<\/li>\n\n\n\n<li>un sachet de baby \u00e9pinards (du jardin)<\/li>\n\n\n\n<li>de la salade de bl\u00e9 (du jardin)<\/li>\n<\/ul>\n","protected":false},"excerpt":{"rendered":"<p>Semaine 2 \u2013 21\/22 mars Semaine 3 \u2013 28\/29 mars Semaine 4 &#8211;&nbsp;&nbsp;4\/5 avril Semaine 5 \u2013 11\/12 avril&nbsp;&nbsp;&nbsp;&nbsp;&nbsp; Semaine 6 \u2013 18\/19 avril Semaine 7 \u2013 25\/26 avril Semaine 8 &#8211; 2\/3 mai Semaine 9 \u2013 9\/10 mai Semaine &hellip; <a href=\"https:\/\/ancien.foretdeluhan.be\/index.php\/presentation\/les-projets\/composition-des-paniers-semaine-apres-semaine\/\">Continuer la lecture <span class=\"meta-nav\">&rarr;<\/span><\/a><\/p>\n","protected":false},"author":1,"featured_media":4026,"parent":2085,"menu_order":0,"comment_status":"closed","ping_status":"closed","template":"","meta":{"footnotes":""},"class_list":["post-4025","page","type-page","status-publish","has-post-thumbnail","hentry"],"jetpack_sharing_enabled":true,"jetpack_shortlink":"https:\/\/wp.me\/PgzmLv-12V","post_mailing_queue_ids":[],"_links":{"self":[{"href":"https:\/\/ancien.foretdeluhan.be\/index.php\/wp-json\/wp\/v2\/pages\/4025","targetHints":{"allow":["GET"]}}],"collection":[{"href":"https:\/\/ancien.foretdeluhan.be\/index.php\/wp-json\/wp\/v2\/pages"}],"about":[{"href":"https:\/\/ancien.foretdeluhan.be\/index.php\/wp-json\/wp\/v2\/types\/page"}],"author":[{"embeddable":true,"href":"https:\/\/ancien.foretdeluhan.be\/index.php\/wp-json\/wp\/v2\/users\/1"}],"replies":[{"embeddable":true,"href":"https:\/\/ancien.foretdeluhan.be\/index.php\/wp-json\/wp\/v2\/comments?post=4025"}],"version-history":[{"count":2,"href":"https:\/\/ancien.foretdeluhan.be\/index.php\/wp-json\/wp\/v2\/pages\/4025\/revisions"}],"predecessor-version":[{"id":4196,"href":"https:\/\/ancien.foretdeluhan.be\/index.php\/wp-json\/wp\/v2\/pages\/4025\/revisions\/4196"}],"up":[{"embeddable":true,"href":"https:\/\/ancien.foretdeluhan.be\/index.php\/wp-json\/wp\/v2\/pages\/2085"}],"wp:featuredmedia":[{"embeddable":true,"href":"https:\/\/ancien.foretdeluhan.be\/index.php\/wp-json\/wp\/v2\/media\/4026"}],"wp:attachment":[{"href":"https:\/\/ancien.foretdeluhan.be\/index.php\/wp-json\/wp\/v2\/media?parent=4025"}],"curies":[{"name":"wp","href":"https:\/\/api.w.org\/{rel}","templated":true}]}}